 {"id":817,"date":"2021-02-09T16:58:45","date_gmt":"2021-02-09T15:58:45","guid":{"rendered":"https:\/\/www.gustovivoreale.it\/?page_id=817"},"modified":"2021-03-25T16:28:48","modified_gmt":"2021-03-25T15:28:48","slug":"cookies-policy","status":"publish","type":"page","link":"https:\/\/www.gustovivoreale.it\/es\/cookies-policy\/","title":{"rendered":"Cookies policy"},"content":{"rendered":"<div class=\"wpb-content-wrapper\"><p>[vc_row hide_bg_image_on_tablet=&#8221;&#8221; hide_bg_image_on_mobile=&#8221;&#8221; css=&#8221;.vc_custom_1616149391149{padding-top: 35px !important;padding-bottom: 35px !important;}&#8221;][vc_column icons_position=&#8221;left&#8221;][vc_column_text]<\/p>\n<div class=\"wpb_text_column wpb_content_element \">\n<div class=\"wpb_wrapper\">\n<div class=\"entry-content single-entry-content\">\n<p>Las cookies son peque\u00f1os fragmentos de texto (letras y \/ o n\u00fameros) que permiten al servidor web almacenar informaci\u00f3n sobre el cliente (el navegador) para ser reutilizada durante la misma visita al sitio (cookies de sesi\u00f3n) o posteriormente, incluso a una distancia de d\u00edas (cookies persistentes).\u00a0Las cookies se almacenan, seg\u00fan las preferencias del usuario, por un \u00fanico navegador en el dispositivo espec\u00edfico utilizado (computadora, tableta, tel\u00e9fono inteligente).<\/p>\n<p>Se pueden utilizar tecnolog\u00edas similares, como, por ejemplo, balizas web, GIF transparentes y todas las formas de almacenamiento local introducidas con HTML5, para recopilar informaci\u00f3n sobre el comportamiento de los usuarios y el uso de los servicios.<\/p>\n<p>M\u00e1s adelante en este documento nos referiremos a las cookies y todas las tecnolog\u00edas similares simplemente usando el t\u00e9rmino &#8220;cookie&#8221;.<br \/>\nTipos de cookies<\/p>\n<p>En funci\u00f3n de las caracter\u00edsticas y uso de las cookies podemos distinguir diferentes categor\u00edas:<\/p>\n<p>Cookies estrictamente necesarias.\u00a0Estas son cookies que son esenciales para el correcto funcionamiento de los sitios gustovivoreale.it y se utilizan para administrar el inicio de sesi\u00f3n y el acceso a las funciones reservadas del sitio.\u00a0La duraci\u00f3n de las cookies est\u00e1 estrictamente limitada a la sesi\u00f3n de trabajo (cuando se cierra el navegador se borran), durante este per\u00edodo limitado, el ordenador del visitante &#8211; mediante un c\u00f3digo alfanum\u00e9rico generado en la primera sesi\u00f3n de acceso &#8211; para proponer la prueba resultado de nuevo.\u00a0realizado por el usuario.\u00a0Su desactivaci\u00f3n compromete el uso de los servicios accesibles desde el inicio de sesi\u00f3n.\u00a0La parte p\u00fablica de los sitios gustovivoreale.it normalmente permanece utilizable.<br \/>\nCookies de an\u00e1lisis y rendimiento.\u00a0Estas cookies se utilizan para recopilar y analizar el tr\u00e1fico y el uso del sitio de forma an\u00f3nima.\u00a0Estas cookies, incluso sin identificar al usuario, permiten, por ejemplo, detectar si un mismo usuario vuelve a conectarse en distintos momentos.\u00a0Tambi\u00e9n le permiten monitorear el sistema y mejorar su rendimiento y usabilidad.\u00a0La desactivaci\u00f3n de estas cookies se puede realizar sin p\u00e9rdida de funcionalidad.<br \/>\nCookies de creaci\u00f3n de perfiles.\u00a0Se trata de cookies permanentes que se utilizan para identificar (de forma an\u00f3nima o no) las preferencias del usuario y mejorar su experiencia de navegaci\u00f3n.\u00a0Los sitios gustovivoreale.it no utilizan cookies de este tipo.<\/p>\n<p>Cookies de terceros<\/p>\n<p>Al visitar un sitio web, puede recibir cookies tanto del sitio visitado (&#8220;propietarios&#8221;) como de sitios administrados por otras organizaciones (&#8220;terceros&#8221;).\u00a0Un ejemplo notable es la presencia de &#8220;complementos sociales&#8221; para Facebook, Twitter, Google+ y LinkedIn.\u00a0Estas son partes de la p\u00e1gina visitada generadas directamente por los sitios antes mencionados e integradas en la p\u00e1gina del sitio anfitri\u00f3n.\u00a0El uso m\u00e1s com\u00fan de los complementos sociales est\u00e1 destinado a compartir contenido en las redes sociales.<\/p>\n<p>La presencia de estos complementos implica la transmisi\u00f3n de cookies hacia y desde todos los sitios administrados por terceros.\u00a0La gesti\u00f3n de la informaci\u00f3n recopilada por \u201cterceros\u201d se rige por la informaci\u00f3n relevante a la que se debe hacer referencia.\u00a0Para garantizar una mayor transparencia y conveniencia, a continuaci\u00f3n se muestran las direcciones web de las diversas informaciones y m\u00e9todos para administrar las cookies.<\/p>\n<p>Informaci\u00f3n de Facebook: https:\/\/www.facebook.com\/help\/cookies\/<\/p>\n<p>Facebook (configuraci\u00f3n): inicie sesi\u00f3n en su cuenta.\u00a0Secci\u00f3n de privacidad.<\/p>\n<p>Informaci\u00f3n de Twitter: https:\/\/support.twitter.com\/articles\/20170514<\/p>\n<p>Twitter (configuraci\u00f3n): https:\/\/twitter.com\/settings\/security<\/p>\n<p>Informaci\u00f3n de Linkedin: https:\/\/www.linkedin.com\/legal\/cookie-policy<\/p>\n<p>Linkedin (configuraci\u00f3n): https:\/\/www.linkedin.com\/settings\/<\/p>\n<p>Informaci\u00f3n de Google+: http:\/\/www.google.it\/intl\/it\/policies\/technologies\/cookies\/<\/p>\n<p>Google+ (configuraci\u00f3n): http:\/\/www.google.it\/intl\/it\/policies\/technologies\/managing\/<br \/>\nGoogle Analytics<\/p>\n<p>Los sitios gustovivoreale.it tambi\u00e9n incluyen ciertos componentes transmitidos por Google Analytics, un servicio de an\u00e1lisis de tr\u00e1fico web proporcionado por Google, Inc. (&#8220;Google&#8221;).\u00a0Tambi\u00e9n en este caso, se recopilan cookies de terceros y se administran de forma an\u00f3nima para monitorear y mejorar el rendimiento del sitio host (cookies de rendimiento).<\/p>\n<p>Google Analytics utiliza &#8220;cookies&#8221; para recopilar y analizar informaci\u00f3n an\u00f3nima sobre el comportamiento de uso de los sitios web gustovivoreale.it (incluida la direcci\u00f3n IP del usuario).\u00a0Esta informaci\u00f3n es recopilada por Google Analytics, que la procesa con el fin de elaborar informes para los operadores de gustovivoreale.it sobre las actividades en los propios sitios web.\u00a0Este sitio no usa (y no permite que terceros usen) la herramienta de an\u00e1lisis de Google para monitorear o recopilar informaci\u00f3n de identificaci\u00f3n personal.\u00a0Google no asocia la direcci\u00f3n IP con ning\u00fan otro dato en poder de Google ni intenta vincular una direcci\u00f3n IP con la identidad de un usuario.<\/p>\n<p>Para obtener m\u00e1s informaci\u00f3n, consulte el enlace siguiente:<\/p>\n<p>https:\/\/www.google.it\/policies\/privacy\/partners\/<\/p>\n<p>El usuario puede deshabilitar selectivamente la acci\u00f3n de Google Analytics instalando el componente de exclusi\u00f3n voluntaria proporcionado por Google en su navegador.\u00a0Para deshabilitar la acci\u00f3n de Google Analytics, consulte el enlace a continuaci\u00f3n:<\/p>\n<p>https:\/\/tools.google.com\/dlpage\/gaoptout<br \/>\nDuraci\u00f3n de las cookies<\/p>\n<p>Algunas cookies (cookies de sesi\u00f3n) permanecen activas solo hasta que se cierra el navegador o se ejecuta el comando de cierre de sesi\u00f3n.\u00a0Otras cookies &#8220;sobreviven&#8221; cuando se cierra el navegador y tambi\u00e9n est\u00e1n disponibles en visitas posteriores del usuario.<\/p>\n<p>Estas cookies se denominan persistentes y su duraci\u00f3n la establece el servidor en el momento de su creaci\u00f3n.\u00a0En algunos casos se establece una fecha l\u00edmite, en otros casos la duraci\u00f3n es ilimitada.<\/p>\n<p>Gustovivoreale.it no utiliza cookies persistentes.<\/p>\n<p>Sin embargo, al navegar por las p\u00e1ginas de los sitios web gustovivoreale.it, puede interactuar con sitios administrados por terceros que pueden crear o modificar cookies persistentes y de creaci\u00f3n de perfiles.<br \/>\nGesti\u00f3n de cookies<\/p>\n<p>El usuario puede decidir si acepta o no las cookies mediante la configuraci\u00f3n de su navegador.<\/p>\n<p>Atenci\u00f3n: la desactivaci\u00f3n total o parcial de las cookies t\u00e9cnicas puede comprometer el uso de las funciones del sitio reservadas a los usuarios registrados.\u00a0Por el contrario, la usabilidad del contenido p\u00fablico tambi\u00e9n es posible deshabilitando completamente las cookies.<\/p>\n<p>La desactivaci\u00f3n de las cookies de &#8220;terceros&#8221; no afecta la navegabilidad de ninguna manera.<\/p>\n<p>La configuraci\u00f3n se puede definir espec\u00edficamente para diferentes sitios web y aplicaciones web.\u00a0Adem\u00e1s, los mejores navegadores le permiten definir diferentes configuraciones para las cookies &#8220;propietarias&#8221; y &#8220;de terceros&#8221;.<\/p>\n<p>A modo de ejemplo, en Firefox, a trav\u00e9s del men\u00fa Herramientas-&gt; Opciones -&gt; Privacidad, se puede acceder a un panel de control donde se puede definir si aceptar o no los diferentes tipos de cookies y proceder a su eliminaci\u00f3n.<\/p>\n<p>Chrome: https:\/\/support.google.com\/chrome\/answer\/95647?hl=it<\/p>\n<p>Firefox: https:\/\/support.mozilla.org\/it\/kb\/Gestione%20dei%20cookie<\/p>\n<p>Internet Explorer: http:\/\/windows.microsoft.com\/it-it\/windows7\/how-to-manage-cookies-in-internet-explorer-9<\/p>\n<p>Opera: http:\/\/help.opera.com\/Windows\/10.00\/it\/cookies.html<\/p>\n<p>Safari: http:\/\/support.apple.com\/kb\/HT1677?viewlocale=it_IT<\/p>\n<\/div>\n<\/div>\n<\/div>\n<p>[\/vc_column_text][vc_empty_space height=&#8221;4em&#8221; alter_height=&#8221;none&#8221; hide_on_mobile=&#8221;&#8221; hide_on_desktop=&#8221;&#8221; hide_on_notebook=&#8221;&#8221; hide_on_tablet=&#8221;&#8221;][\/vc_column][\/vc_row]<\/p>\n<\/div>","protected":false},"excerpt":{"rendered":"<p>[vc_row hide_bg_image_on_tablet=&#8221;&#8221; hide_bg_image_on_mobile=&#8221;&#8221; css=&#8221;.vc_custom_1616149391149{padding-top: 35px !important;padding-bottom: 35px !important;}&#8221;][vc_column icons_position=&#8221;left&#8221;][vc_column_text] Las cookies son peque\u00f1os fragmentos de texto (letras y \/ o n\u00fameros) que permiten al servidor web almacenar informaci\u00f3n sobre el cliente (el navegador) para ser reutilizada durante la misma visita al sitio (cookies de sesi\u00f3n) o posteriormente, incluso a una distancia de d\u00edas (cookies persistentes).\u00a0Las [&hellip;]<\/p>\n","protected":false},"author":1,"featured_media":0,"parent":0,"menu_order":0,"comment_status":"closed","ping_status":"closed","template":"","meta":{"footnotes":""},"class_list":["post-817","page","type-page","status-publish","hentry"],"translation":{"provider":"WPGlobus","version":"3.0.0","language":"es","enabled_languages":["it","en","es"],"languages":{"it":{"title":true,"content":true,"excerpt":false},"en":{"title":true,"content":true,"excerpt":false},"es":{"title":true,"content":true,"excerpt":false}}},"yoast_head":"<!-- This site is optimized with the Yoast SEO plugin v25.2 - https:\/\/yoast.com\/wordpress\/plugins\/seo\/ -->\n<title>Cookies policy - Gusto Vivo Reale<\/title>\n<meta name=\"robots\" content=\"index, follow, max-snippet:-1, max-image-preview:large, max-video-preview:-1\" \/>\n<link rel=\"canonical\" href=\"https:\/\/www.gustovivoreale.it\/cookies-policy\/\" \/>\n<meta property=\"og:locale\" content=\"es_ES\" \/>\n<meta property=\"og:type\" content=\"article\" \/>\n<meta property=\"og:title\" content=\"Cookies policy - Gusto Vivo Reale\" \/>\n<meta property=\"og:url\" content=\"https:\/\/www.gustovivoreale.it\/cookies-policy\/\" \/>\n<meta property=\"og:site_name\" content=\"Gusto Vivo Reale\" \/>\n<meta property=\"article:modified_time\" content=\"2021-03-25T15:28:48+00:00\" \/>\n<meta name=\"twitter:card\" content=\"summary_large_image\" \/>\n<meta name=\"twitter:label1\" content=\"Est. reading time\" \/>\n\t<meta name=\"twitter:data1\" content=\"17 minutes\" \/>\n<script type=\"application\/ld+json\" class=\"yoast-schema-graph\">{\"@context\":\"https:\/\/schema.org\",\"@graph\":[{\"@type\":\"WebPage\",\"@id\":\"https:\/\/www.gustovivoreale.it\/cookies-policy\/\",\"url\":\"https:\/\/www.gustovivoreale.it\/cookies-policy\/\",\"name\":\"Cookies policy - Gusto Vivo Reale\",\"isPartOf\":{\"@id\":\"https:\/\/www.gustovivoreale.it\/#website\"},\"datePublished\":\"2021-02-09T15:58:45+00:00\",\"dateModified\":\"2021-03-25T15:28:48+00:00\",\"breadcrumb\":{\"@id\":\"https:\/\/www.gustovivoreale.it\/cookies-policy\/#breadcrumb\"},\"inLanguage\":\"es-ES\",\"potentialAction\":[{\"@type\":\"ReadAction\",\"target\":[\"https:\/\/www.gustovivoreale.it\/cookies-policy\/\"]}]},{\"@type\":\"BreadcrumbList\",\"@id\":\"https:\/\/www.gustovivoreale.it\/cookies-policy\/#breadcrumb\",\"itemListElement\":[{\"@type\":\"ListItem\",\"position\":1,\"name\":\"Home\",\"item\":\"https:\/\/www.gustovivoreale.it\/\"},{\"@type\":\"ListItem\",\"position\":2,\"name\":\"Cookies policy\"}]},{\"@type\":\"WebSite\",\"@id\":\"https:\/\/www.gustovivoreale.it\/#website\",\"url\":\"https:\/\/www.gustovivoreale.it\/\",\"name\":\"Gusto Vivo Reale\",\"description\":\"Molluschi vivi, depurati e senza sabbia\",\"publisher\":{\"@id\":\"https:\/\/www.gustovivoreale.it\/#organization\"},\"potentialAction\":[{\"@type\":\"SearchAction\",\"target\":{\"@type\":\"EntryPoint\",\"urlTemplate\":\"https:\/\/www.gustovivoreale.it\/?s={search_term_string}\"},\"query-input\":{\"@type\":\"PropertyValueSpecification\",\"valueRequired\":true,\"valueName\":\"search_term_string\"}}],\"inLanguage\":\"es-ES\"},{\"@type\":\"Organization\",\"@id\":\"https:\/\/www.gustovivoreale.it\/#organization\",\"name\":\"Gusto Vivo Reale\",\"url\":\"https:\/\/www.gustovivoreale.it\/\",\"logo\":{\"@type\":\"ImageObject\",\"inLanguage\":\"es-ES\",\"@id\":\"https:\/\/www.gustovivoreale.it\/#\/schema\/logo\/image\/\",\"url\":\"https:\/\/www.gustovivoreale.it\/wp-content\/uploads\/2021\/03\/LOGO@2xgusto.png\",\"contentUrl\":\"https:\/\/www.gustovivoreale.it\/wp-content\/uploads\/2021\/03\/LOGO@2xgusto.png\",\"width\":688,\"height\":470,\"caption\":\"Gusto Vivo Reale\"},\"image\":{\"@id\":\"https:\/\/www.gustovivoreale.it\/#\/schema\/logo\/image\/\"}}]}<\/script>\n<!-- \/ Yoast SEO plugin. -->","yoast_head_json":{"title":"Cookies policy - Gusto Vivo Reale","robots":{"index":"index","follow":"follow","max-snippet":"max-snippet:-1","max-image-preview":"max-image-preview:large","max-video-preview":"max-video-preview:-1"},"canonical":"https:\/\/www.gustovivoreale.it\/cookies-policy\/","og_locale":"es_ES","og_type":"article","og_title":"Cookies policy - Gusto Vivo Reale","og_url":"https:\/\/www.gustovivoreale.it\/cookies-policy\/","og_site_name":"Gusto Vivo Reale","article_modified_time":"2021-03-25T15:28:48+00:00","twitter_card":"summary_large_image","twitter_misc":{"Est. reading time":"17 minutes"},"schema":{"@context":"https:\/\/schema.org","@graph":[{"@type":"WebPage","@id":"https:\/\/www.gustovivoreale.it\/cookies-policy\/","url":"https:\/\/www.gustovivoreale.it\/cookies-policy\/","name":"Cookies policy - Gusto Vivo Reale","isPartOf":{"@id":"https:\/\/www.gustovivoreale.it\/#website"},"datePublished":"2021-02-09T15:58:45+00:00","dateModified":"2021-03-25T15:28:48+00:00","breadcrumb":{"@id":"https:\/\/www.gustovivoreale.it\/cookies-policy\/#breadcrumb"},"inLanguage":"es-ES","potentialAction":[{"@type":"ReadAction","target":["https:\/\/www.gustovivoreale.it\/cookies-policy\/"]}]},{"@type":"BreadcrumbList","@id":"https:\/\/www.gustovivoreale.it\/cookies-policy\/#breadcrumb","itemListElement":[{"@type":"ListItem","position":1,"name":"Home","item":"https:\/\/www.gustovivoreale.it\/"},{"@type":"ListItem","position":2,"name":"Cookies policy"}]},{"@type":"WebSite","@id":"https:\/\/www.gustovivoreale.it\/#website","url":"https:\/\/www.gustovivoreale.it\/","name":"Gusto Vivo Reale","description":"Molluschi vivi, depurati e senza sabbia","publisher":{"@id":"https:\/\/www.gustovivoreale.it\/#organization"},"potentialAction":[{"@type":"SearchAction","target":{"@type":"EntryPoint","urlTemplate":"https:\/\/www.gustovivoreale.it\/?s={search_term_string}"},"query-input":{"@type":"PropertyValueSpecification","valueRequired":true,"valueName":"search_term_string"}}],"inLanguage":"es-ES"},{"@type":"Organization","@id":"https:\/\/www.gustovivoreale.it\/#organization","name":"Gusto Vivo Reale","url":"https:\/\/www.gustovivoreale.it\/","logo":{"@type":"ImageObject","inLanguage":"es-ES","@id":"https:\/\/www.gustovivoreale.it\/#\/schema\/logo\/image\/","url":"https:\/\/www.gustovivoreale.it\/wp-content\/uploads\/2021\/03\/LOGO@2xgusto.png","contentUrl":"https:\/\/www.gustovivoreale.it\/wp-content\/uploads\/2021\/03\/LOGO@2xgusto.png","width":688,"height":470,"caption":"Gusto Vivo Reale"},"image":{"@id":"https:\/\/www.gustovivoreale.it\/#\/schema\/logo\/image\/"}}]}},"_links":{"self":[{"href":"https:\/\/www.gustovivoreale.it\/es\/wp-json\/wp\/v2\/pages\/817","targetHints":{"allow":["GET"]}}],"collection":[{"href":"https:\/\/www.gustovivoreale.it\/es\/wp-json\/wp\/v2\/pages"}],"about":[{"href":"https:\/\/www.gustovivoreale.it\/es\/wp-json\/wp\/v2\/types\/page"}],"author":[{"embeddable":true,"href":"https:\/\/www.gustovivoreale.it\/es\/wp-json\/wp\/v2\/users\/1"}],"replies":[{"embeddable":true,"href":"https:\/\/www.gustovivoreale.it\/es\/wp-json\/wp\/v2\/comments?post=817"}],"version-history":[{"count":5,"href":"https:\/\/www.gustovivoreale.it\/es\/wp-json\/wp\/v2\/pages\/817\/revisions"}],"predecessor-version":[{"id":1116,"href":"https:\/\/www.gustovivoreale.it\/es\/wp-json\/wp\/v2\/pages\/817\/revisions\/1116"}],"wp:attachment":[{"href":"https:\/\/www.gustovivoreale.it\/es\/wp-json\/wp\/v2\/media?parent=817"}],"curies":[{"name":"wp","href":"https:\/\/api.w.org\/{rel}","templated":true}]}}