 {"id":628,"date":"2020-04-17T16:40:50","date_gmt":"2020-04-17T14:40:50","guid":{"rendered":"http:\/\/seafood-company.themerex.net\/?page_id=628"},"modified":"2021-04-16T14:25:10","modified_gmt":"2021-04-16T12:25:10","slug":"depurazione-molluschi-vendita","status":"publish","type":"page","link":"https:\/\/www.gustovivoreale.it\/es\/depurazione-molluschi-vendita\/","title":{"rendered":"Purificaci\u00f3n y procesamiento de moluscos bivalvos"},"content":{"rendered":"<div class=\"wpb-content-wrapper\"><p>[vc_row full_width=&#8221;stretch_row&#8221; inverse=&#8221;&#8221; css=&#8221;.vc_custom_1616002729426{margin-top: 45px !important;}&#8221;][vc_column][vc_column_text]<\/p>\n<h2 style=\"text-align: center; color: #da2031; margin: 25px;\">SERVICIOS<\/h2>\n<h5 style=\"text-align: center;\">El principal objetivo de la empresa es la satisfacci\u00f3n del cliente y la creaci\u00f3n de una relaci\u00f3n clara y serena<br \/>\nEn el coraz\u00f3n de nuestro compromiso est\u00e1 el cliente que debe tener el mejor producto, resultado de la b\u00fasqueda continua de los mejores moluscos disponibles en el mercado nacional y extranjero y total fiabilidad<\/h5>\n<p>[\/vc_column_text][\/vc_column][\/vc_row][vc_row equal_height=&#8221;yes&#8221; content_placement=&#8221;middle&#8221; css=&#8221;.vc_custom_1615387243433{margin-top: 35px !important;}&#8221;][vc_column offset=&#8221;vc_col-lg-6 vc_col-md-12 vc_col-xs-12&#8243;]<div class=\"sc_section margin_top_small margin_bottom_small\"><div class=\"sc_section_inner\"><div class=\"sc_section_content_wrap\"><div class=\"sc_promo margin_top_small margin_bottom_small sc_promo_size_large\"><div class=\"sc_promo_inner\"><div class=\"sc_promo_image\" style=\"background-image:url(https:\/\/www.gustovivoreale.it\/wp-content\/uploads\/2021\/04\/vasche-home.jpg);width:50%;right: 0;\"><\/div><div class=\"sc_promo_block sc_align_left\" style=\"width: 50%; float: left;\"><div class=\"sc_promo_block_inner\"><h2 class=\"sc_promo_title sc_item_title sc_item_title_without_descr\">Purificaci\u00f3n y procesamiento de moluscos bivalvos<\/h2><\/div><\/div><\/div><\/div><\/div><\/div><\/div>[\/vc_column][vc_column offset=&#8221;vc_col-lg-6 vc_col-md-12 vc_col-xs-12&#8243;]<div class=\"sc_section margin_top_small margin_bottom_small\"><div class=\"sc_section_inner\"><div class=\"sc_section_content_wrap\"><div class=\"sc_promo margin_top_small margin_bottom_small sc_promo_size_large\"><div class=\"sc_promo_inner\"><div class=\"sc_promo_image\" style=\"background-image:url(https:\/\/www.gustovivoreale.it\/wp-content\/uploads\/2021\/02\/Civitanova-porto.jpg);width:50%;right: 0;\"><\/div><div class=\"sc_promo_block sc_align_left\" style=\"width: 50%; float: left;\"><div class=\"sc_promo_block_inner\"><h2 class=\"sc_promo_title sc_item_title sc_item_title_without_descr\">Exportaci\u00f3n de productos pesqueros de Civitanova y otros puertos nacionales de desembarque en el Adri\u00e1tico<\/h2><\/div><\/div><\/div><\/div><\/div><\/div><\/div>[\/vc_column][\/vc_row][vc_row equal_height=&#8221;yes&#8221; content_placement=&#8221;middle&#8221; css=&#8221;.vc_custom_1615389299331{margin-bottom: 45px !important;}&#8221;][vc_column offset=&#8221;vc_col-lg-6 vc_col-md-12 vc_col-xs-12&#8243;]<div class=\"sc_section margin_top_small margin_bottom_small\"><div class=\"sc_section_inner\"><div class=\"sc_section_content_wrap\"><div class=\"sc_promo margin_top_small margin_bottom_small sc_promo_size_large\"><div class=\"sc_promo_inner\"><div class=\"sc_promo_image\" style=\"background-image:url(https:\/\/www.gustovivoreale.it\/wp-content\/uploads\/2021\/03\/WhatsApp-Image-2021-03-26-at-14.34.22.jpeg);width:50%;right: 0;\"><\/div><div class=\"sc_promo_block sc_align_left\" style=\"width: 50%; float: left;\"><div class=\"sc_promo_block_inner\"><h2 class=\"sc_promo_title sc_item_title sc_item_title_without_descr\">Venta al por mayor de todos nuestros productos<\/h2><\/div><\/div><\/div><\/div><\/div><\/div><\/div>[\/vc_column][vc_column offset=&#8221;vc_col-lg-6 vc_col-md-12 vc_col-xs-12&#8243;]<div class=\"sc_section margin_top_small margin_bottom_small\"><div class=\"sc_section_inner\"><div class=\"sc_section_content_wrap\"><div class=\"sc_promo margin_top_small margin_bottom_small sc_promo_size_large\"><div class=\"sc_promo_inner\"><div class=\"sc_promo_image\" style=\"background-image:url(https:\/\/www.gustovivoreale.it\/wp-content\/uploads\/2021\/03\/p2.jpg);width:50%;right: 0;\"><\/div><div class=\"sc_promo_block sc_align_left\" style=\"width: 50%; float: left;\"><div class=\"sc_promo_block_inner\"><h2 class=\"sc_promo_title sc_item_title sc_item_title_without_descr\">Retail en nuestra tienda en Civitanova<\/h2><\/div><\/div><\/div><\/div><\/div><\/div><\/div>[\/vc_column][\/vc_row]<\/p>\n<\/div>","protected":false},"excerpt":{"rendered":"<p>[vc_row full_width=&#8221;stretch_row&#8221; inverse=&#8221;&#8221; css=&#8221;.vc_custom_1616002729426{margin-top: 45px !important;}&#8221;][vc_column][vc_column_text] SERVICIOS El principal objetivo de la empresa es la satisfacci\u00f3n del cliente y la creaci\u00f3n de una relaci\u00f3n clara y serena En el coraz\u00f3n de nuestro compromiso est\u00e1 el cliente que debe tener el mejor producto, resultado de la b\u00fasqueda continua de los mejores moluscos disponibles en el mercado [&hellip;]<\/p>\n","protected":false},"author":1,"featured_media":1040,"parent":0,"menu_order":0,"comment_status":"closed","ping_status":"closed","template":"","meta":{"footnotes":""},"class_list":["post-628","page","type-page","status-publish","has-post-thumbnail","hentry"],"translation":{"provider":"WPGlobus","version":"3.0.0","language":"es","enabled_languages":["it","en","es"],"languages":{"it":{"title":true,"content":true,"excerpt":false},"en":{"title":true,"content":true,"excerpt":false},"es":{"title":true,"content":true,"excerpt":false}}},"yoast_head":"<!-- This site is optimized with the Yoast SEO plugin v25.2 - https:\/\/yoast.com\/wordpress\/plugins\/seo\/ -->\n<title>Purificaci\u00f3n y procesamiento de moluscos bivalvos<\/title>\n<meta name=\"description\" content=\"Purificaci\u00f3n y procesamiento de moluscos bivalvos, exportaci\u00f3n de pescado, venta al por mayor y retail en nuestra tienda en Civitanova\" \/>\n<meta name=\"robots\" content=\"index, follow, max-snippet:-1, max-image-preview:large, max-video-preview:-1\" \/>\n<link rel=\"canonical\" href=\"https:\/\/www.gustovivoreale.it\/es\/depurazione-molluschi-vendita\/\" \/>\n<meta property=\"og:locale\" content=\"es_ES\" \/>\n<meta property=\"og:type\" content=\"article\" \/>\n<meta property=\"og:title\" content=\"Purificaci\u00f3n y procesamiento de moluscos bivalvos\" \/>\n<meta property=\"og:description\" content=\"Purificaci\u00f3n y procesamiento de moluscos bivalvos, exportaci\u00f3n de pescado, venta al por mayor y retail en nuestra tienda en Civitanova\" \/>\n<meta property=\"og:url\" content=\"https:\/\/www.gustovivoreale.it\/es\/depurazione-molluschi-vendita\/\" \/>\n<meta property=\"og:site_name\" content=\"Gusto Vivo Reale\" \/>\n<meta property=\"article:modified_time\" content=\"2021-04-16T12:25:10+00:00\" \/>\n<meta property=\"og:image\" content=\"https:\/\/www.gustovivoreale.it\/wp-content\/uploads\/2021\/03\/MOLL4.jpg\" \/>\n\t<meta property=\"og:image:width\" content=\"1200\" \/>\n\t<meta property=\"og:image:height\" content=\"798\" \/>\n\t<meta property=\"og:image:type\" content=\"image\/jpeg\" \/>\n<meta name=\"twitter:card\" content=\"summary_large_image\" \/>\n<meta name=\"twitter:label1\" content=\"Est. reading time\" \/>\n\t<meta name=\"twitter:data1\" content=\"1 minute\" \/>\n<script type=\"application\/ld+json\" class=\"yoast-schema-graph\">{\"@context\":\"https:\/\/schema.org\",\"@graph\":[{\"@type\":\"WebPage\",\"@id\":\"https:\/\/www.gustovivoreale.it\/es\/depurazione-molluschi-vendita\/\",\"url\":\"https:\/\/www.gustovivoreale.it\/es\/depurazione-molluschi-vendita\/\",\"name\":\"Purificaci\u00f3n y procesamiento de moluscos bivalvos\",\"isPartOf\":{\"@id\":\"https:\/\/www.gustovivoreale.it\/#website\"},\"primaryImageOfPage\":{\"@id\":\"https:\/\/www.gustovivoreale.it\/es\/depurazione-molluschi-vendita\/#primaryimage\"},\"image\":{\"@id\":\"https:\/\/www.gustovivoreale.it\/es\/depurazione-molluschi-vendita\/#primaryimage\"},\"thumbnailUrl\":\"https:\/\/www.gustovivoreale.it\/wp-content\/uploads\/2021\/03\/MOLL4.jpg\",\"datePublished\":\"2020-04-17T14:40:50+00:00\",\"dateModified\":\"2021-04-16T12:25:10+00:00\",\"description\":\"Purificaci\u00f3n y procesamiento de moluscos bivalvos, exportaci\u00f3n de pescado, venta al por mayor y retail en nuestra tienda en Civitanova\",\"breadcrumb\":{\"@id\":\"https:\/\/www.gustovivoreale.it\/es\/depurazione-molluschi-vendita\/#breadcrumb\"},\"inLanguage\":\"es-ES\",\"potentialAction\":[{\"@type\":\"ReadAction\",\"target\":[\"https:\/\/www.gustovivoreale.it\/es\/depurazione-molluschi-vendita\/\"]}]},{\"@type\":\"ImageObject\",\"inLanguage\":\"es-ES\",\"@id\":\"https:\/\/www.gustovivoreale.it\/es\/depurazione-molluschi-vendita\/#primaryimage\",\"url\":\"https:\/\/www.gustovivoreale.it\/wp-content\/uploads\/2021\/03\/MOLL4.jpg\",\"contentUrl\":\"https:\/\/www.gustovivoreale.it\/wp-content\/uploads\/2021\/03\/MOLL4.jpg\",\"width\":1200,\"height\":798},{\"@type\":\"BreadcrumbList\",\"@id\":\"https:\/\/www.gustovivoreale.it\/es\/depurazione-molluschi-vendita\/#breadcrumb\",\"itemListElement\":[{\"@type\":\"ListItem\",\"position\":1,\"name\":\"Home\",\"item\":\"https:\/\/www.gustovivoreale.it\/\"},{\"@type\":\"ListItem\",\"position\":2,\"name\":\"Purificaci\u00f3n y procesamiento de moluscos bivalvos\"}]},{\"@type\":\"WebSite\",\"@id\":\"https:\/\/www.gustovivoreale.it\/#website\",\"url\":\"https:\/\/www.gustovivoreale.it\/\",\"name\":\"Gusto Vivo Reale\",\"description\":\"Molluschi vivi, depurati e senza sabbia\",\"publisher\":{\"@id\":\"https:\/\/www.gustovivoreale.it\/#organization\"},\"potentialAction\":[{\"@type\":\"SearchAction\",\"target\":{\"@type\":\"EntryPoint\",\"urlTemplate\":\"https:\/\/www.gustovivoreale.it\/?s={search_term_string}\"},\"query-input\":{\"@type\":\"PropertyValueSpecification\",\"valueRequired\":true,\"valueName\":\"search_term_string\"}}],\"inLanguage\":\"es-ES\"},{\"@type\":\"Organization\",\"@id\":\"https:\/\/www.gustovivoreale.it\/#organization\",\"name\":\"Gusto Vivo Reale\",\"url\":\"https:\/\/www.gustovivoreale.it\/\",\"logo\":{\"@type\":\"ImageObject\",\"inLanguage\":\"es-ES\",\"@id\":\"https:\/\/www.gustovivoreale.it\/#\/schema\/logo\/image\/\",\"url\":\"https:\/\/www.gustovivoreale.it\/wp-content\/uploads\/2021\/03\/LOGO@2xgusto.png\",\"contentUrl\":\"https:\/\/www.gustovivoreale.it\/wp-content\/uploads\/2021\/03\/LOGO@2xgusto.png\",\"width\":688,\"height\":470,\"caption\":\"Gusto Vivo Reale\"},\"image\":{\"@id\":\"https:\/\/www.gustovivoreale.it\/#\/schema\/logo\/image\/\"}}]}<\/script>\n<!-- \/ Yoast SEO plugin. -->","yoast_head_json":{"title":"Purificaci\u00f3n y procesamiento de moluscos bivalvos","description":"Purificaci\u00f3n y procesamiento de moluscos bivalvos, exportaci\u00f3n de pescado, venta al por mayor y retail en nuestra tienda en Civitanova","robots":{"index":"index","follow":"follow","max-snippet":"max-snippet:-1","max-image-preview":"max-image-preview:large","max-video-preview":"max-video-preview:-1"},"canonical":"https:\/\/www.gustovivoreale.it\/es\/depurazione-molluschi-vendita\/","og_locale":"es_ES","og_type":"article","og_title":"Purificaci\u00f3n y procesamiento de moluscos bivalvos","og_description":"Purificaci\u00f3n y procesamiento de moluscos bivalvos, exportaci\u00f3n de pescado, venta al por mayor y retail en nuestra tienda en Civitanova","og_url":"https:\/\/www.gustovivoreale.it\/es\/depurazione-molluschi-vendita\/","og_site_name":"Gusto Vivo Reale","article_modified_time":"2021-04-16T12:25:10+00:00","og_image":[{"width":1200,"height":798,"url":"https:\/\/www.gustovivoreale.it\/wp-content\/uploads\/2021\/03\/MOLL4.jpg","type":"image\/jpeg"}],"twitter_card":"summary_large_image","twitter_misc":{"Est. reading time":"1 minute"},"schema":{"@context":"https:\/\/schema.org","@graph":[{"@type":"WebPage","@id":"https:\/\/www.gustovivoreale.it\/es\/depurazione-molluschi-vendita\/","url":"https:\/\/www.gustovivoreale.it\/es\/depurazione-molluschi-vendita\/","name":"Purificaci\u00f3n y procesamiento de moluscos bivalvos","isPartOf":{"@id":"https:\/\/www.gustovivoreale.it\/#website"},"primaryImageOfPage":{"@id":"https:\/\/www.gustovivoreale.it\/es\/depurazione-molluschi-vendita\/#primaryimage"},"image":{"@id":"https:\/\/www.gustovivoreale.it\/es\/depurazione-molluschi-vendita\/#primaryimage"},"thumbnailUrl":"https:\/\/www.gustovivoreale.it\/wp-content\/uploads\/2021\/03\/MOLL4.jpg","datePublished":"2020-04-17T14:40:50+00:00","dateModified":"2021-04-16T12:25:10+00:00","description":"Purificaci\u00f3n y procesamiento de moluscos bivalvos, exportaci\u00f3n de pescado, venta al por mayor y retail en nuestra tienda en Civitanova","breadcrumb":{"@id":"https:\/\/www.gustovivoreale.it\/es\/depurazione-molluschi-vendita\/#breadcrumb"},"inLanguage":"es-ES","potentialAction":[{"@type":"ReadAction","target":["https:\/\/www.gustovivoreale.it\/es\/depurazione-molluschi-vendita\/"]}]},{"@type":"ImageObject","inLanguage":"es-ES","@id":"https:\/\/www.gustovivoreale.it\/es\/depurazione-molluschi-vendita\/#primaryimage","url":"https:\/\/www.gustovivoreale.it\/wp-content\/uploads\/2021\/03\/MOLL4.jpg","contentUrl":"https:\/\/www.gustovivoreale.it\/wp-content\/uploads\/2021\/03\/MOLL4.jpg","width":1200,"height":798},{"@type":"BreadcrumbList","@id":"https:\/\/www.gustovivoreale.it\/es\/depurazione-molluschi-vendita\/#breadcrumb","itemListElement":[{"@type":"ListItem","position":1,"name":"Home","item":"https:\/\/www.gustovivoreale.it\/"},{"@type":"ListItem","position":2,"name":"Purificaci\u00f3n y procesamiento de moluscos bivalvos"}]},{"@type":"WebSite","@id":"https:\/\/www.gustovivoreale.it\/#website","url":"https:\/\/www.gustovivoreale.it\/","name":"Gusto Vivo Reale","description":"Molluschi vivi, depurati e senza sabbia","publisher":{"@id":"https:\/\/www.gustovivoreale.it\/#organization"},"potentialAction":[{"@type":"SearchAction","target":{"@type":"EntryPoint","urlTemplate":"https:\/\/www.gustovivoreale.it\/?s={search_term_string}"},"query-input":{"@type":"PropertyValueSpecification","valueRequired":true,"valueName":"search_term_string"}}],"inLanguage":"es-ES"},{"@type":"Organization","@id":"https:\/\/www.gustovivoreale.it\/#organization","name":"Gusto Vivo Reale","url":"https:\/\/www.gustovivoreale.it\/","logo":{"@type":"ImageObject","inLanguage":"es-ES","@id":"https:\/\/www.gustovivoreale.it\/#\/schema\/logo\/image\/","url":"https:\/\/www.gustovivoreale.it\/wp-content\/uploads\/2021\/03\/LOGO@2xgusto.png","contentUrl":"https:\/\/www.gustovivoreale.it\/wp-content\/uploads\/2021\/03\/LOGO@2xgusto.png","width":688,"height":470,"caption":"Gusto Vivo Reale"},"image":{"@id":"https:\/\/www.gustovivoreale.it\/#\/schema\/logo\/image\/"}}]}},"_links":{"self":[{"href":"https:\/\/www.gustovivoreale.it\/es\/wp-json\/wp\/v2\/pages\/628","targetHints":{"allow":["GET"]}}],"collection":[{"href":"https:\/\/www.gustovivoreale.it\/es\/wp-json\/wp\/v2\/pages"}],"about":[{"href":"https:\/\/www.gustovivoreale.it\/es\/wp-json\/wp\/v2\/types\/page"}],"author":[{"embeddable":true,"href":"https:\/\/www.gustovivoreale.it\/es\/wp-json\/wp\/v2\/users\/1"}],"replies":[{"embeddable":true,"href":"https:\/\/www.gustovivoreale.it\/es\/wp-json\/wp\/v2\/comments?post=628"}],"version-history":[{"count":62,"href":"https:\/\/www.gustovivoreale.it\/es\/wp-json\/wp\/v2\/pages\/628\/revisions"}],"predecessor-version":[{"id":1354,"href":"https:\/\/www.gustovivoreale.it\/es\/wp-json\/wp\/v2\/pages\/628\/revisions\/1354"}],"wp:featuredmedia":[{"embeddable":true,"href":"https:\/\/www.gustovivoreale.it\/es\/wp-json\/wp\/v2\/media\/1040"}],"wp:attachment":[{"href":"https:\/\/www.gustovivoreale.it\/es\/wp-json\/wp\/v2\/media?parent=628"}],"curies":[{"name":"wp","href":"https:\/\/api.w.org\/{rel}","templated":true}]}}