 {"id":248,"date":"2016-08-23T10:51:34","date_gmt":"2016-08-23T08:51:34","guid":{"rendered":"http:\/\/seafood-company.themerex.net\/?page_id=248"},"modified":"2021-04-23T17:56:00","modified_gmt":"2021-04-23T15:56:00","slug":"quattro-g-srl-civitanova","status":"publish","type":"page","link":"https:\/\/www.gustovivoreale.it\/es\/quattro-g-srl-civitanova\/","title":{"rendered":"Con\u00f3cenos"},"content":{"rendered":"<div class=\"wpb-content-wrapper\"><p>[vc_row full_width=&#8221;stretch_row&#8221; css=&#8221;.vc_custom_1614955053380{background-color: #f5f5f5 !important;}&#8221;][vc_column][vc_empty_space height=&#8221;0.7em&#8221;]<div class=\"sc_section margin_top_large margin_bottom_large\"><div class=\"sc_section_inner\"><h6 class=\"sc_section_subtitle sc_item_subtitle\">Quattro G Srl<\/h6><h2 class=\"sc_section_title sc_item_title sc_item_title_without_descr\">Nuestra historia<\/h2><div class=\"sc_section_content_wrap\"><div class=\"sc_promo margin_top_large sc_promo_size_large\"><div class=\"sc_promo_inner\"><div class=\"sc_promo_image\" style=\"background-image:url(https:\/\/www.gustovivoreale.it\/wp-content\/uploads\/2021\/03\/storia3.jpg);width:60%;right: 0;\"><\/div><div class=\"sc_promo_block sc_align_left\" style=\"width: 40%; float: left;\"><div class=\"sc_promo_block_inner\"><h2 class=\"sc_promo_title sc_item_title sc_item_title_with_descr\">Historia<\/h2><div class=\"sc_promo_descr sc_item_descr\">La empresa fue fundada en 1980 por la pasi\u00f3n del Sr. Nicola Gentile por los productos pesqueros garantizados, de los que es propietario.<\/p>\n<p>La empresa naci\u00f3 como MDC (Centro de Depuraci\u00f3n de Moluscos) para garantizar de manera saludable los moluscos bivalvos-gaster\u00f3podos y los equilodermos al cliente final despu\u00e9s del triste evento de 1974 (c\u00f3lera de N\u00e1poles) que fue peor que la pandemia actual para la pesca y el comercio.<\/p>\n<p>La planta depuradora utiliza agua de mar extra\u00edda en mar abierto y en profundidad, tiene un caudal de 30m3 por hora acumulados en un tanque de almacenamiento de unos 90m3.<br \/>\nDisponemos de tanques de depuraci\u00f3n de aguas residuales tratadas con ox\u00edgeno, mientras que empresas autorizadas extraen sistem\u00e1ticamente los lodos residuales<\/div><\/div><\/div><\/div><\/div><\/div><\/div><\/div>[vc_empty_space height=&#8221;1.9em&#8221;][\/vc_column][\/vc_row][vc_row full_width=&#8221;stretch_row&#8221; inverse=&#8221;&#8221; css=&#8221;.vc_custom_1614955860570{margin-top: 35px !important;padding-top: 35px !important;padding-bottom: 35px !important;background-color: #ffffff !important;}&#8221;][vc_column][vc_empty_space height=&#8221;0.7em&#8221;]<div class=\"sc_promo sc_promo_size_large\"><div class=\"sc_promo_inner\"><div class=\"sc_promo_image\" style=\"background-image:url(https:\/\/www.gustovivoreale.it\/wp-content\/uploads\/2021\/04\/vasche4-1.jpg);width:60%;left: 0;\"><\/div><div class=\"sc_promo_block sc_align_left\" style=\"width: 40%; float: right;\"><div class=\"sc_promo_block_inner\"><h2 class=\"sc_promo_title sc_item_title sc_item_title_with_descr\">Procedimiento<\/h2><div class=\"sc_promo_descr sc_item_descr\">Todos los moluscos bivalvos, independientemente de que procedan de zonas de categor\u00eda A-B-C, etc., se colocan en el dep\u00f3sito en cestas perforadas con sistema de elevaci\u00f3n y se mantienen en su interior durante al menos 14\/16 horas.<br \/>\naqu\u00ed viene el agua de mar tratada con ozono producida (25 o 35 g por hora) directamente en el sitio y siempre filtrada con un caudal de 30 metros c\u00fabicos por hora<\/p>\n<p>En estas horas se eliminan en el tanque entre 4000 y 5000 colibacterias generales. Estas evaluaciones son el resultado de controles de laboratorio que realizamos sistem\u00e1ticamente antes o despu\u00e9s de la purificaci\u00f3n.<\/p>\n<p>Todos los moluscos bivalvos, independientemente de que procedan de zonas de categor\u00eda A-B-C, etc., se colocan en el dep\u00f3sito en cestas perforadas con sistema de elevaci\u00f3n y se mantienen en su interior durante al menos 14\/16 horas.<br \/>\naqu\u00ed llega el agua de mar tratada con ozono producido (25 o 35 g por hora) directamente en el sitio y siempre filtrada con un caudal de 30 metros c\u00fabicos por hora. En estas horas se eliminan en el tanque entre 4000 y 5000 colibacterias generales. Estas evaluaciones son el resultado de controles de laboratorio que realizamos sistem\u00e1ticamente antes o despu\u00e9s de la purificaci\u00f3n.<\/p>\n<p>De esta forma podemos garantizar la vitalidad del producto de 5 a 6 d\u00edas sin perder peso, caracter\u00edsticas organol\u00e9pticas, aromatizantes y sobre todo sin carga bacteriana<\/div><\/div><\/div><\/div><\/div>[vc_empty_space height=&#8221;1.9em&#8221;][\/vc_column][\/vc_row][vc_row full_width=&#8221;stretch_row&#8221; inverse=&#8221;&#8221; css=&#8221;.vc_custom_1614955883806{margin-bottom: 35px !important;padding-top: 70px !important;padding-bottom: 35px !important;background-color: #f5f5f5 !important;}&#8221;][vc_column][vc_empty_space height=&#8221;0.7em&#8221;]<div class=\"sc_promo sc_promo_size_large\"><div class=\"sc_promo_inner\"><div class=\"sc_promo_image\" style=\"background-image:url(https:\/\/www.gustovivoreale.it\/wp-content\/uploads\/2021\/03\/pesci.jpg);width:60%;right: 0;\"><\/div><div class=\"sc_promo_block sc_align_left\" style=\"width: 40%; float: left;\"><div class=\"sc_promo_block_inner\"><h2 class=\"sc_promo_title sc_item_title sc_item_title_with_descr\">Quattro G Srl<\/h2><div class=\"sc_promo_descr sc_item_descr\">Tambi\u00e9n somos mayoristas de pescado fresco local y regional que exportamos a varios pa\u00edses especialmente en Espa\u00f1a, mientras que en el territorio italiano damos servicio a mercados generales como Mil\u00e1n y Tur\u00edn. Tambi\u00e9n contamos con una tienda minorista de productos descritos anteriormente con gastronom\u00eda.<\/div><\/div><\/div><\/div><\/div>[vc_empty_space height=&#8221;1.9em&#8221;][\/vc_column][\/vc_row][vc_row full_width=&#8221;stretch_row&#8221; inverse=&#8221;&#8221; css=&#8221;.vc_custom_1614955883806{margin-bottom: 35px !important;padding-top: 70px !important;padding-bottom: 35px !important;background-color: #f5f5f5 !important;}&#8221;][vc_column][vc_empty_space height=&#8221;0.7em&#8221;][vc_column_text]<style type=\"text\/css\" scoped>.rbs_gallery_6a04bf93025e3Spinner{\r\n\t\t\t\tmargin: 50px auto;\r\n\t\t\t\twidth: 50px;\r\n\t\t\t\theight: 40px;\r\n\t\t\t\ttext-align: center;\r\n\t\t\t\tfont-size: 10px;\r\n\t\t\t}\r\n\t\t\t.rbs_gallery_6a04bf93025e3Spinner > div{\r\n\t\t\t  background-color: #333;\r\n\t\t\t  height: 100%;\r\n\t\t\t  width: 6px;\r\n\t\t\t  display: inline-block;\r\n\t\t\t  -webkit-animation: rbs_gallery_6a04bf93025e3-stretchdelay 1.2s infinite ease-in-out;\r\n\t\t\t  animation: rbs_gallery_6a04bf93025e3-stretchdelay 1.2s infinite ease-in-out;\r\n\t\t\t}\r\n\t\t\t.rbs_gallery_6a04bf93025e3Spinner .rbs_gallery_6a04bf93025e3Rect2 {\r\n\t\t\t  -webkit-animation-delay: -1.1s;\r\n\t\t\t  animation-delay: -1.1s;\r\n\t\t\t}\r\n\t\t\t.rbs_gallery_6a04bf93025e3Spinner .rbs_gallery_6a04bf93025e3Rect3 {\r\n\t\t\t  -webkit-animation-delay: -1.0s;\r\n\t\t\t  animation-delay: -1.0s;\r\n\t\t\t}\r\n\t\t\t.rbs_gallery_6a04bf93025e3Spinner .rbs_gallery_6a04bf93025e3Rect4 {\r\n\t\t\t  -webkit-animation-delay: -0.9s;\r\n\t\t\t  animation-delay: -0.9s;\r\n\t\t\t}\r\n\t\t\t.rbs_gallery_6a04bf93025e3Spinner .rbs_gallery_6a04bf93025e3Rect5 {\r\n\t\t\t  -webkit-animation-delay: -0.8s;\r\n\t\t\t  animation-delay: -0.8s;\r\n\t\t\t}\r\n\t\t\t@-webkit-keyframes rbs_gallery_6a04bf93025e3-stretchdelay {\r\n\t\t\t  0%, 40%, 100% { -webkit-transform: scaleY(0.4) }  \r\n\t\t\t  20% { -webkit-transform: scaleY(1.0) }\r\n\t\t\t}\r\n\t\t\t@keyframes rbs_gallery_6a04bf93025e3-stretchdelay {\r\n\t\t\t  0%, 40%, 100% { \r\n\t\t\t    transform: scaleY(0.4);\r\n\t\t\t    -webkit-transform: scaleY(0.4);\r\n\t\t\t  }  20% { \r\n\t\t\t    transform: scaleY(1.0);\r\n\t\t\t    -webkit-transform: scaleY(1.0);\r\n\t\t\t  }\r\n\t\t\t}\r\n\t\t<\/style><div class=\"robo-gallery-wrap robo-gallery-wrap-id1022 robo-gallery-grid\" ><div id=\"rbs_gallery_6a04bf93025e3-block-loader\" class=\"rbs_gallery_6a04bf93025e3Spinner\"><div class=\"rbs_gallery_6a04bf93025e3Rect1\"><\/div> <div class=\"rbs_gallery_6a04bf93025e3Rect2\"><\/div> <div class=\"rbs_gallery_6a04bf93025e3Rect3\"><\/div> <div class=\"rbs_gallery_6a04bf93025e3Rect4\"><\/div> <div class=\"rbs_gallery_6a04bf93025e3Rect5\"><\/div><\/div><div id=\"robo_gallery_main_block_rbs_gallery_6a04bf93025e3\" class=\"robogallery-gallery-1022\" style=\"width:100%;margin:0 auto;  display: none;\"><div id=\"rbs_gallery_6a04bf93025e3\" data-options=\"rbs_gallery_6a04bf93025e3\" style=\"width:100%;\" class=\"robo_gallery  \"><div class=\"rbs-img  category1022 \" ><div class=\"rbs-img-image   rbs-lightbox \" ><div class=\"rbs-img-thumbs\"  data-thumbnail=\"https:\/\/www.gustovivoreale.it\/wp-content\/uploads\/2021\/03\/JHEN8041.jpg\"  title=\"JHEN8041\"  data-width=\"1200\"  data-height=\"1600\" ><\/div><div class=\"rbs-img-data-popup\"  data-popup=\"https:\/\/www.gustovivoreale.it\/wp-content\/uploads\/2021\/03\/JHEN8041.jpg\"  title=\"JHEN8041\" ><\/div><div class=\"thumbnail-overlay\"><div class=\"rbsIcons\"><i class=\"fa fa-search-plus rbsZoomIcon \" ><\/i><\/div><\/div><\/div><\/div><div class=\"rbs-img  category1022 \" ><div class=\"rbs-img-image   rbs-lightbox \" ><div class=\"rbs-img-thumbs\"  data-thumbnail=\"https:\/\/www.gustovivoreale.it\/wp-content\/uploads\/2021\/04\/vasche-home.jpg\"  title=\"vasche-home\"  data-width=\"2560\"  data-height=\"1584\" ><\/div><div class=\"rbs-img-data-popup\"  data-popup=\"https:\/\/www.gustovivoreale.it\/wp-content\/uploads\/2021\/04\/vasche-home.jpg\"  title=\"vasche-home\" ><\/div><div class=\"thumbnail-overlay\"><div class=\"rbsIcons\"><i class=\"fa fa-search-plus rbsZoomIcon \" ><\/i><\/div><\/div><\/div><\/div><div class=\"rbs-img  category1022 \" ><div class=\"rbs-img-image   rbs-lightbox \" ><div class=\"rbs-img-thumbs\"  data-thumbnail=\"https:\/\/www.gustovivoreale.it\/wp-content\/uploads\/2021\/03\/chisia.png\"  title=\"chisia\"  data-width=\"1200\"  data-height=\"798\" ><\/div><div class=\"rbs-img-data-popup\"  data-popup=\"https:\/\/www.gustovivoreale.it\/wp-content\/uploads\/2021\/03\/chisia.png\"  title=\"chisia\" ><\/div><div class=\"thumbnail-overlay\"><div class=\"rbsIcons\"><i class=\"fa fa-search-plus rbsZoomIcon \" ><\/i><\/div><\/div><\/div><\/div><div class=\"rbs-img  category1022 \" ><div class=\"rbs-img-image   rbs-lightbox \" ><div class=\"rbs-img-thumbs\"  data-thumbnail=\"https:\/\/www.gustovivoreale.it\/wp-content\/uploads\/2021\/03\/IMG_2303-scaled.jpg\"  title=\"IMG_2303\"  data-width=\"2560\"  data-height=\"1920\" ><\/div><div class=\"rbs-img-data-popup\"  data-popup=\"https:\/\/www.gustovivoreale.it\/wp-content\/uploads\/2021\/03\/IMG_2303-scaled.jpg\"  title=\"IMG_2303\" ><\/div><div class=\"thumbnail-overlay\"><div class=\"rbsIcons\"><i class=\"fa fa-search-plus rbsZoomIcon \" ><\/i><\/div><\/div><\/div><\/div><div class=\"rbs-img  category1022 \" ><div class=\"rbs-img-image   rbs-lightbox \" ><div class=\"rbs-img-thumbs\"  data-thumbnail=\"https:\/\/www.gustovivoreale.it\/wp-content\/uploads\/2021\/03\/QWMI9704.jpg\"  title=\"QWMI9704\"  data-width=\"1536\"  data-height=\"2048\" ><\/div><div class=\"rbs-img-data-popup\"  data-popup=\"https:\/\/www.gustovivoreale.it\/wp-content\/uploads\/2021\/03\/QWMI9704.jpg\"  title=\"QWMI9704\" ><\/div><div class=\"thumbnail-overlay\"><div class=\"rbsIcons\"><i class=\"fa fa-search-plus rbsZoomIcon \" ><\/i><\/div><\/div><\/div><\/div><div class=\"rbs-img  category1022 \" ><div class=\"rbs-img-image   rbs-lightbox \" ><div class=\"rbs-img-thumbs\"  data-thumbnail=\"https:\/\/www.gustovivoreale.it\/wp-content\/uploads\/2021\/03\/pesci.jpg\"  title=\"pesci\"  data-width=\"1980\"  data-height=\"1369\" ><\/div><div class=\"rbs-img-data-popup\"  data-popup=\"https:\/\/www.gustovivoreale.it\/wp-content\/uploads\/2021\/03\/pesci.jpg\"  title=\"pesci\" ><\/div><div class=\"thumbnail-overlay\"><div class=\"rbsIcons\"><i class=\"fa fa-search-plus rbsZoomIcon \" ><\/i><\/div><\/div><\/div><\/div><div class=\"rbs-img  category1022 \" ><div class=\"rbs-img-image   rbs-lightbox \" ><div class=\"rbs-img-thumbs\"  data-thumbnail=\"https:\/\/www.gustovivoreale.it\/wp-content\/uploads\/2021\/03\/vasche2.jpg\"  title=\"QUATTRO G SRL CIVITANOVA MARCHE\"  data-width=\"2560\"  data-height=\"1514\" ><\/div><div class=\"rbs-img-data-popup\"  data-popup=\"https:\/\/www.gustovivoreale.it\/wp-content\/uploads\/2021\/03\/vasche2.jpg\"  title=\"QUATTRO G SRL CIVITANOVA MARCHE\"  data-alt=\"QUATTRO G SRL CIVITANOVA MARCHE\" ><\/div><div class=\"thumbnail-overlay\"><div class=\"rbsIcons\"><i class=\"fa fa-search-plus rbsZoomIcon \" ><\/i><\/div><\/div><\/div><\/div><div class=\"rbs-img  category1022 \" ><div class=\"rbs-img-image   rbs-lightbox \" ><div class=\"rbs-img-thumbs\"  data-thumbnail=\"https:\/\/www.gustovivoreale.it\/wp-content\/uploads\/2021\/04\/vasche4-1.jpg\"  title=\"vasche4\"  data-width=\"1920\"  data-height=\"1080\" ><\/div><div class=\"rbs-img-data-popup\"  data-popup=\"https:\/\/www.gustovivoreale.it\/wp-content\/uploads\/2021\/04\/vasche4-1.jpg\"  title=\"vasche4\" ><\/div><div class=\"thumbnail-overlay\"><div class=\"rbsIcons\"><i class=\"fa fa-search-plus rbsZoomIcon \" ><\/i><\/div><\/div><\/div><\/div><\/div><\/div><\/div><script>var rbs_gallery_6a04bf93025e3 = {\"version\":\"5.0.4\",\"id\":1022,\"class\":\"id1022\",\"roboGalleryDelay\":1000,\"mainContainer\":\"#robo_gallery_main_block_rbs_gallery_6a04bf93025e3\",\"loadingContainer\":\"#rbs_gallery_6a04bf93025e3-block-loader\",\"loadingContainerObj\":\"rbs_gallery_6a04bf93025e3-block-loader\",\"columnWidth\":\"auto\",\"columns\":3,\"resolutions\":[{\"columnWidth\":\"auto\",\"columns\":3,\"maxWidth\":960},{\"columnWidth\":\"auto\",\"columns\":2,\"maxWidth\":650},{\"columnWidth\":\"auto\",\"columns\":1,\"maxWidth\":450}],\"hideTitle\":true,\"lightboxOptions\":{\"gallery\":{\"enabled\":true,\"tCounter\":\"%curr% of %total%\"}},\"overlayEffect\":\"direction-aware-fade\",\"boxesToLoadStart\":12,\"boxesToLoad\":8,\"waitUntilThumbLoads\":1,\"LoadingWord\":\"Loading...\",\"loadMoreWord\":\"Load More\",\"noMoreEntriesWord\":\"No More Entries\",\"horizontalSpaceBetweenBoxes\":15,\"verticalSpaceBetweenBoxes\":15,\"lazyLoad\":1,\"wrapContainer\":\"#robo-gallery-wrap-rbs_gallery_6a04bf93025e3\"};<\/script>[\/vc_column_text][vc_empty_space height=&#8221;1.9em&#8221;][\/vc_column][\/vc_row][vc_row][vc_column][\/vc_column][\/vc_row]<\/p>\n<\/div>","protected":false},"excerpt":{"rendered":"<p>[vc_row full_width=&#8221;stretch_row&#8221; css=&#8221;.vc_custom_1614955053380{background-color: #f5f5f5 !important;}&#8221;][vc_column][vc_empty_space height=&#8221;0.7em&#8221;][vc_empty_space height=&#8221;1.9em&#8221;][\/vc_column][\/vc_row][vc_row full_width=&#8221;stretch_row&#8221; inverse=&#8221;&#8221; css=&#8221;.vc_custom_1614955860570{margin-top: 35px !important;padding-top: 35px !important;padding-bottom: 35px !important;background-color: #ffffff !important;}&#8221;][vc_column][vc_empty_space height=&#8221;0.7em&#8221;][vc_empty_space height=&#8221;1.9em&#8221;][\/vc_column][\/vc_row][vc_row full_width=&#8221;stretch_row&#8221; inverse=&#8221;&#8221; css=&#8221;.vc_custom_1614955883806{margin-bottom: 35px !important;padding-top: 70px !important;padding-bottom: 35px !important;background-color: #f5f5f5 !important;}&#8221;][vc_column][vc_empty_space height=&#8221;0.7em&#8221;][vc_empty_space height=&#8221;1.9em&#8221;][\/vc_column][\/vc_row][vc_row full_width=&#8221;stretch_row&#8221; inverse=&#8221;&#8221; css=&#8221;.vc_custom_1614955883806{margin-bottom: 35px !important;padding-top: 70px !important;padding-bottom: 35px !important;background-color: #f5f5f5 !important;}&#8221;][vc_column][vc_empty_space height=&#8221;0.7em&#8221;][vc_column_text][\/vc_column_text][vc_empty_space height=&#8221;1.9em&#8221;][\/vc_column][\/vc_row][vc_row][vc_column][\/vc_column][\/vc_row]<\/p>\n","protected":false},"author":1,"featured_media":1059,"parent":0,"menu_order":0,"comment_status":"closed","ping_status":"closed","template":"","meta":{"footnotes":""},"class_list":["post-248","page","type-page","status-publish","has-post-thumbnail","hentry"],"translation":{"provider":"WPGlobus","version":"3.0.0","language":"es","enabled_languages":["it","en","es"],"languages":{"it":{"title":true,"content":true,"excerpt":false},"en":{"title":true,"content":true,"excerpt":false},"es":{"title":true,"content":true,"excerpt":false}}},"yoast_head":"<!-- This site is optimized with the Yoast SEO plugin v25.2 - https:\/\/yoast.com\/wordpress\/plugins\/seo\/ -->\n<title>CON\u00d3CENOS : Gusto Vivo Reale - Quattro G Srl - Il Piatto Azzurro<\/title>\n<meta name=\"description\" content=\"Gusto Vivo Reale es una marca de Quattro G Srl: purificaci\u00f3n de moluscos bivalvos. El Piatto Azzurro es nuestra tienda\" \/>\n<meta name=\"robots\" content=\"index, follow, max-snippet:-1, max-image-preview:large, max-video-preview:-1\" \/>\n<link rel=\"canonical\" href=\"https:\/\/www.gustovivoreale.it\/quattro-g-srl-civitanova\/\" \/>\n<meta property=\"og:locale\" content=\"es_ES\" \/>\n<meta property=\"og:type\" content=\"article\" \/>\n<meta property=\"og:title\" content=\"CON\u00d3CENOS : Gusto Vivo Reale - Quattro G Srl - Il Piatto Azzurro\" \/>\n<meta property=\"og:description\" content=\"Gusto Vivo Reale es una marca de Quattro G Srl: purificaci\u00f3n de moluscos bivalvos. El Piatto Azzurro es nuestra tienda\" \/>\n<meta property=\"og:url\" content=\"https:\/\/www.gustovivoreale.it\/quattro-g-srl-civitanova\/\" \/>\n<meta property=\"og:site_name\" content=\"Gusto Vivo Reale\" \/>\n<meta property=\"article:modified_time\" content=\"2021-04-23T15:56:00+00:00\" \/>\n<meta property=\"og:image\" content=\"https:\/\/www.gustovivoreale.it\/wp-content\/uploads\/2021\/03\/p8.jpg\" \/>\n\t<meta property=\"og:image:width\" content=\"1200\" \/>\n\t<meta property=\"og:image:height\" content=\"798\" \/>\n\t<meta property=\"og:image:type\" content=\"image\/jpeg\" \/>\n<meta name=\"twitter:card\" content=\"summary_large_image\" \/>\n<meta name=\"twitter:label1\" content=\"Est. reading time\" \/>\n\t<meta name=\"twitter:data1\" content=\"3 minutes\" \/>\n<script type=\"application\/ld+json\" class=\"yoast-schema-graph\">{\"@context\":\"https:\/\/schema.org\",\"@graph\":[{\"@type\":\"WebPage\",\"@id\":\"https:\/\/www.gustovivoreale.it\/quattro-g-srl-civitanova\/\",\"url\":\"https:\/\/www.gustovivoreale.it\/quattro-g-srl-civitanova\/\",\"name\":\"Quattro G Srl - Gusto Vivo Reale - Il Piatto Azzurro\",\"isPartOf\":{\"@id\":\"https:\/\/www.gustovivoreale.it\/#website\"},\"primaryImageOfPage\":{\"@id\":\"https:\/\/www.gustovivoreale.it\/quattro-g-srl-civitanova\/#primaryimage\"},\"image\":{\"@id\":\"https:\/\/www.gustovivoreale.it\/quattro-g-srl-civitanova\/#primaryimage\"},\"thumbnailUrl\":\"https:\/\/www.gustovivoreale.it\/wp-content\/uploads\/2021\/03\/p8.jpg\",\"datePublished\":\"2016-08-23T08:51:34+00:00\",\"dateModified\":\"2021-04-23T15:56:00+00:00\",\"description\":\"Gusto Vivo Reale es una marca de Quattro G Srl: purificaci\u00f3n de moluscos bivalvos. El Piatto Azzurro es nuestra tienda\",\"breadcrumb\":{\"@id\":\"https:\/\/www.gustovivoreale.it\/quattro-g-srl-civitanova\/#breadcrumb\"},\"inLanguage\":\"es-ES\",\"potentialAction\":[{\"@type\":\"ReadAction\",\"target\":[\"https:\/\/www.gustovivoreale.it\/quattro-g-srl-civitanova\/\"]}]},{\"@type\":\"ImageObject\",\"inLanguage\":\"es-ES\",\"@id\":\"https:\/\/www.gustovivoreale.it\/quattro-g-srl-civitanova\/#primaryimage\",\"url\":\"https:\/\/www.gustovivoreale.it\/wp-content\/uploads\/2021\/03\/p8.jpg\",\"contentUrl\":\"https:\/\/www.gustovivoreale.it\/wp-content\/uploads\/2021\/03\/p8.jpg\",\"width\":1200,\"height\":798,\"caption\":\"quattro g srl civitanova\"},{\"@type\":\"BreadcrumbList\",\"@id\":\"https:\/\/www.gustovivoreale.it\/quattro-g-srl-civitanova\/#breadcrumb\",\"itemListElement\":[{\"@type\":\"ListItem\",\"position\":1,\"name\":\"Home\",\"item\":\"https:\/\/www.gustovivoreale.it\/\"},{\"@type\":\"ListItem\",\"position\":2,\"name\":\"Chi siamo\"}]},{\"@type\":\"WebSite\",\"@id\":\"https:\/\/www.gustovivoreale.it\/#website\",\"url\":\"https:\/\/www.gustovivoreale.it\/\",\"name\":\"Gusto Vivo Reale\",\"description\":\"Molluschi vivi, depurati e senza sabbia\",\"publisher\":{\"@id\":\"https:\/\/www.gustovivoreale.it\/#organization\"},\"potentialAction\":[{\"@type\":\"SearchAction\",\"target\":{\"@type\":\"EntryPoint\",\"urlTemplate\":\"https:\/\/www.gustovivoreale.it\/?s={search_term_string}\"},\"query-input\":{\"@type\":\"PropertyValueSpecification\",\"valueRequired\":true,\"valueName\":\"search_term_string\"}}],\"inLanguage\":\"es-ES\"},{\"@type\":\"Organization\",\"@id\":\"https:\/\/www.gustovivoreale.it\/#organization\",\"name\":\"Gusto Vivo Reale\",\"url\":\"https:\/\/www.gustovivoreale.it\/\",\"logo\":{\"@type\":\"ImageObject\",\"inLanguage\":\"es-ES\",\"@id\":\"https:\/\/www.gustovivoreale.it\/#\/schema\/logo\/image\/\",\"url\":\"https:\/\/www.gustovivoreale.it\/wp-content\/uploads\/2021\/03\/LOGO@2xgusto.png\",\"contentUrl\":\"https:\/\/www.gustovivoreale.it\/wp-content\/uploads\/2021\/03\/LOGO@2xgusto.png\",\"width\":688,\"height\":470,\"caption\":\"Gusto Vivo Reale\"},\"image\":{\"@id\":\"https:\/\/www.gustovivoreale.it\/#\/schema\/logo\/image\/\"}}]}<\/script>\n<!-- \/ Yoast SEO plugin. -->","yoast_head_json":{"title":"CON\u00d3CENOS : Gusto Vivo Reale - Quattro G Srl - Il Piatto Azzurro","description":"Gusto Vivo Reale es una marca de Quattro G Srl: purificaci\u00f3n de moluscos bivalvos. El Piatto Azzurro es nuestra tienda","robots":{"index":"index","follow":"follow","max-snippet":"max-snippet:-1","max-image-preview":"max-image-preview:large","max-video-preview":"max-video-preview:-1"},"canonical":"https:\/\/www.gustovivoreale.it\/quattro-g-srl-civitanova\/","og_locale":"es_ES","og_type":"article","og_title":"CON\u00d3CENOS : Gusto Vivo Reale - Quattro G Srl - Il Piatto Azzurro","og_description":"Gusto Vivo Reale es una marca de Quattro G Srl: purificaci\u00f3n de moluscos bivalvos. El Piatto Azzurro es nuestra tienda","og_url":"https:\/\/www.gustovivoreale.it\/quattro-g-srl-civitanova\/","og_site_name":"Gusto Vivo Reale","article_modified_time":"2021-04-23T15:56:00+00:00","og_image":[{"width":1200,"height":798,"url":"https:\/\/www.gustovivoreale.it\/wp-content\/uploads\/2021\/03\/p8.jpg","type":"image\/jpeg"}],"twitter_card":"summary_large_image","twitter_misc":{"Est. reading time":"3 minutes"},"schema":{"@context":"https:\/\/schema.org","@graph":[{"@type":"WebPage","@id":"https:\/\/www.gustovivoreale.it\/quattro-g-srl-civitanova\/","url":"https:\/\/www.gustovivoreale.it\/quattro-g-srl-civitanova\/","name":"Quattro G Srl - Gusto Vivo Reale - Il Piatto Azzurro","isPartOf":{"@id":"https:\/\/www.gustovivoreale.it\/#website"},"primaryImageOfPage":{"@id":"https:\/\/www.gustovivoreale.it\/quattro-g-srl-civitanova\/#primaryimage"},"image":{"@id":"https:\/\/www.gustovivoreale.it\/quattro-g-srl-civitanova\/#primaryimage"},"thumbnailUrl":"https:\/\/www.gustovivoreale.it\/wp-content\/uploads\/2021\/03\/p8.jpg","datePublished":"2016-08-23T08:51:34+00:00","dateModified":"2021-04-23T15:56:00+00:00","description":"Gusto Vivo Reale es una marca de Quattro G Srl: purificaci\u00f3n de moluscos bivalvos. El Piatto Azzurro es nuestra tienda","breadcrumb":{"@id":"https:\/\/www.gustovivoreale.it\/quattro-g-srl-civitanova\/#breadcrumb"},"inLanguage":"es-ES","potentialAction":[{"@type":"ReadAction","target":["https:\/\/www.gustovivoreale.it\/quattro-g-srl-civitanova\/"]}]},{"@type":"ImageObject","inLanguage":"es-ES","@id":"https:\/\/www.gustovivoreale.it\/quattro-g-srl-civitanova\/#primaryimage","url":"https:\/\/www.gustovivoreale.it\/wp-content\/uploads\/2021\/03\/p8.jpg","contentUrl":"https:\/\/www.gustovivoreale.it\/wp-content\/uploads\/2021\/03\/p8.jpg","width":1200,"height":798,"caption":"quattro g srl civitanova"},{"@type":"BreadcrumbList","@id":"https:\/\/www.gustovivoreale.it\/quattro-g-srl-civitanova\/#breadcrumb","itemListElement":[{"@type":"ListItem","position":1,"name":"Home","item":"https:\/\/www.gustovivoreale.it\/"},{"@type":"ListItem","position":2,"name":"Chi siamo"}]},{"@type":"WebSite","@id":"https:\/\/www.gustovivoreale.it\/#website","url":"https:\/\/www.gustovivoreale.it\/","name":"Gusto Vivo Reale","description":"Molluschi vivi, depurati e senza sabbia","publisher":{"@id":"https:\/\/www.gustovivoreale.it\/#organization"},"potentialAction":[{"@type":"SearchAction","target":{"@type":"EntryPoint","urlTemplate":"https:\/\/www.gustovivoreale.it\/?s={search_term_string}"},"query-input":{"@type":"PropertyValueSpecification","valueRequired":true,"valueName":"search_term_string"}}],"inLanguage":"es-ES"},{"@type":"Organization","@id":"https:\/\/www.gustovivoreale.it\/#organization","name":"Gusto Vivo Reale","url":"https:\/\/www.gustovivoreale.it\/","logo":{"@type":"ImageObject","inLanguage":"es-ES","@id":"https:\/\/www.gustovivoreale.it\/#\/schema\/logo\/image\/","url":"https:\/\/www.gustovivoreale.it\/wp-content\/uploads\/2021\/03\/LOGO@2xgusto.png","contentUrl":"https:\/\/www.gustovivoreale.it\/wp-content\/uploads\/2021\/03\/LOGO@2xgusto.png","width":688,"height":470,"caption":"Gusto Vivo Reale"},"image":{"@id":"https:\/\/www.gustovivoreale.it\/#\/schema\/logo\/image\/"}}]}},"_links":{"self":[{"href":"https:\/\/www.gustovivoreale.it\/es\/wp-json\/wp\/v2\/pages\/248","targetHints":{"allow":["GET"]}}],"collection":[{"href":"https:\/\/www.gustovivoreale.it\/es\/wp-json\/wp\/v2\/pages"}],"about":[{"href":"https:\/\/www.gustovivoreale.it\/es\/wp-json\/wp\/v2\/types\/page"}],"author":[{"embeddable":true,"href":"https:\/\/www.gustovivoreale.it\/es\/wp-json\/wp\/v2\/users\/1"}],"replies":[{"embeddable":true,"href":"https:\/\/www.gustovivoreale.it\/es\/wp-json\/wp\/v2\/comments?post=248"}],"version-history":[{"count":45,"href":"https:\/\/www.gustovivoreale.it\/es\/wp-json\/wp\/v2\/pages\/248\/revisions"}],"predecessor-version":[{"id":1381,"href":"https:\/\/www.gustovivoreale.it\/es\/wp-json\/wp\/v2\/pages\/248\/revisions\/1381"}],"wp:featuredmedia":[{"embeddable":true,"href":"https:\/\/www.gustovivoreale.it\/es\/wp-json\/wp\/v2\/media\/1059"}],"wp:attachment":[{"href":"https:\/\/www.gustovivoreale.it\/es\/wp-json\/wp\/v2\/media?parent=248"}],"curies":[{"name":"wp","href":"https:\/\/api.w.org\/{rel}","templated":true}]}}