 {"id":216,"date":"2016-08-23T08:48:22","date_gmt":"2016-08-23T06:48:22","guid":{"rendered":"http:\/\/seafood-company.themerex.net\/?page_id=216"},"modified":"2021-04-29T15:53:11","modified_gmt":"2021-04-29T13:53:11","slug":"il-piatto-azzurro-civitanova-marche","status":"publish","type":"page","link":"https:\/\/www.gustovivoreale.it\/es\/il-piatto-azzurro-civitanova-marche\/","title":{"rendered":"Il piatto azzurro"},"content":{"rendered":"<div class=\"wpb-content-wrapper\"><p>[vc_row full_width=&#8221;stretch_row&#8221; inverse=&#8221;&#8221; css=&#8221;.vc_custom_1614955883806{margin-bottom: 35px !important;padding-top: 70px !important;padding-bottom: 35px !important;background-color: #f5f5f5 !important;}&#8221;][vc_column][vc_empty_space height=&#8221;0.7em&#8221;]<div class=\"sc_promo sc_promo_size_large\"><div class=\"sc_promo_inner\"><div class=\"sc_promo_image\" style=\"background-image:url(https:\/\/www.gustovivoreale.it\/wp-content\/uploads\/2021\/03\/primop1.jpg);width:60%;right: 0;\"><\/div><div class=\"sc_promo_block sc_align_left\" style=\"width: 40%; float: left;\"><div class=\"sc_promo_block_inner\"><h6 class=\"sc_promo_subtitle sc_item_subtitle\">Quattro G Srl<\/h6><h2 class=\"sc_promo_title sc_item_title sc_item_title_with_descr\">IL PIATTO AZZURRO<\/h2><div class=\"sc_promo_descr sc_item_descr\">Adem\u00e1s de ser un centro de depuraci\u00f3n, tambi\u00e9n somos mayoristas de pescado fresco local y regional que exportamos a varios pa\u00edses, especialmente Espa\u00f1a, mientras que en Italia damos servicio a mercados generales como Mil\u00e1n y Tur\u00edn. Tambi\u00e9n disponemos de un punto de venta minorista de la empresa de los productos descritos anteriormente con gastronom\u00eda.<\/div><\/div><\/div><\/div><\/div>[vc_empty_space height=&#8221;1.9em&#8221;][\/vc_column][\/vc_row][vc_row equal_height=&#8221;yes&#8221; content_placement=&#8221;middle&#8221; inverse=&#8221;&#8221; css=&#8221;.vc_custom_1619703884675{margin-top: 30px !important;margin-bottom: 80px !important;padding-top: 0px !important;padding-right: 0px !important;padding-bottom: 0px !important;padding-left: 0px !important;}&#8221;][vc_column width=&#8221;1\/3&#8243; css=&#8221;.vc_custom_1619703715071{padding-top: 5.5em !important;padding-right: 4.7em !important;padding-bottom: 5.1em !important;padding-left: 4.7em !important;background-color: #0c8da4 !important;}&#8221;][vc_column_text]<\/p>\n<h6 class=\"sc_promo_subtitle sc_item_subtitle\" style=\"text-align: left;\">Quattro G Srl<\/h6>\n<h2 class=\"sc_promo_title sc_item_title sc_item_title_with_descr\" style=\"text-align: left;\">IL PIATTO AZZURRO<\/h2>\n<div class=\"sc_promo_descr sc_item_descr\" style=\"text-align: left;\">Via L. Da Vinci, 9<br \/>\n62012 Civitanova Marche MC.<br \/>\nTel.0733 774766<\/div>\n<p>[\/vc_column_text][\/vc_column][vc_column width=&#8221;2\/3&#8243; css=&#8221;.vc_custom_1619703840725{padding-top: 0px !important;padding-right: 0px !important;padding-bottom: 0px !important;padding-left: 0px !important;background-color: #0c8da4 !important;}&#8221;][vc_raw_html]JTNDaWZyYW1lJTIwc3JjJTNEJTIyaHR0cHMlM0ElMkYlMkZ3d3cuZ29vZ2xlLmNvbSUyRm1hcHMlMkZlbWJlZCUzRnBiJTNEJTIxMW0xNCUyMTFtOCUyMTFtMyUyMTFkNjU2ODguNDg1MjMzOTYwODklMjEyZDEzLjc0NjM0ODEzNjE0NTU1OCUyMTNkNDMuMzEzMjQ3NTk4MTA2MTk0JTIxM20yJTIxMWkxMDI0JTIxMmk3NjglMjE0ZjEzLjElMjEzbTMlMjExbTIlMjExczB4MCUyNTNBMHgxNjA0Y2RiZmJhZDdjMDg4JTIxMnNJbCUyNTIwUGlhdHRvJTI1MjBBenp1cnJvJTIxNWUwJTIxM20yJTIxMXNpdCUyMTJzaXQlMjE0djE2MTk3MDM0MjAzMjMlMjE1bTIlMjExc2l0JTIxMnNpdCUyMiUyMHdpZHRoJTNEJTIyMTAwJTI1JTIyJTIwaGVpZ2h0JTNEJTIyNDUwJTIyJTIwc3R5bGUlM0QlMjJib3JkZXIlM0EwJTNCJTIyJTIwYWxsb3dmdWxsc2NyZWVuJTNEJTIyJTIyJTIwbG9hZGluZyUzRCUyMmxhenklMjIlM0UlM0MlMkZpZnJhbWUlM0U=[\/vc_raw_html][\/vc_column][\/vc_row][vc_row full_width=&#8221;stretch_row&#8221; inverse=&#8221;&#8221; css=&#8221;.vc_custom_1614955883806{margin-bottom: 35px !important;padding-top: 70px !important;padding-bottom: 35px !important;background-color: #f5f5f5 !important;}&#8221;][vc_column][vc_empty_space height=&#8221;0.7em&#8221;][vc_column_text]<style type=\"text\/css\" scoped>.rbs_gallery_6a04bbdd2c5bcSpinner{\r\n\t\t\t\tmargin: 50px auto;\r\n\t\t\t\twidth: 50px;\r\n\t\t\t\theight: 40px;\r\n\t\t\t\ttext-align: center;\r\n\t\t\t\tfont-size: 10px;\r\n\t\t\t}\r\n\t\t\t.rbs_gallery_6a04bbdd2c5bcSpinner > div{\r\n\t\t\t  background-color: #333;\r\n\t\t\t  height: 100%;\r\n\t\t\t  width: 6px;\r\n\t\t\t  display: inline-block;\r\n\t\t\t  -webkit-animation: rbs_gallery_6a04bbdd2c5bc-stretchdelay 1.2s infinite ease-in-out;\r\n\t\t\t  animation: rbs_gallery_6a04bbdd2c5bc-stretchdelay 1.2s infinite ease-in-out;\r\n\t\t\t}\r\n\t\t\t.rbs_gallery_6a04bbdd2c5bcSpinner .rbs_gallery_6a04bbdd2c5bcRect2 {\r\n\t\t\t  -webkit-animation-delay: -1.1s;\r\n\t\t\t  animation-delay: -1.1s;\r\n\t\t\t}\r\n\t\t\t.rbs_gallery_6a04bbdd2c5bcSpinner .rbs_gallery_6a04bbdd2c5bcRect3 {\r\n\t\t\t  -webkit-animation-delay: -1.0s;\r\n\t\t\t  animation-delay: -1.0s;\r\n\t\t\t}\r\n\t\t\t.rbs_gallery_6a04bbdd2c5bcSpinner .rbs_gallery_6a04bbdd2c5bcRect4 {\r\n\t\t\t  -webkit-animation-delay: -0.9s;\r\n\t\t\t  animation-delay: -0.9s;\r\n\t\t\t}\r\n\t\t\t.rbs_gallery_6a04bbdd2c5bcSpinner .rbs_gallery_6a04bbdd2c5bcRect5 {\r\n\t\t\t  -webkit-animation-delay: -0.8s;\r\n\t\t\t  animation-delay: -0.8s;\r\n\t\t\t}\r\n\t\t\t@-webkit-keyframes rbs_gallery_6a04bbdd2c5bc-stretchdelay {\r\n\t\t\t  0%, 40%, 100% { -webkit-transform: scaleY(0.4) }  \r\n\t\t\t  20% { -webkit-transform: scaleY(1.0) }\r\n\t\t\t}\r\n\t\t\t@keyframes rbs_gallery_6a04bbdd2c5bc-stretchdelay {\r\n\t\t\t  0%, 40%, 100% { \r\n\t\t\t    transform: scaleY(0.4);\r\n\t\t\t    -webkit-transform: scaleY(0.4);\r\n\t\t\t  }  20% { \r\n\t\t\t    transform: scaleY(1.0);\r\n\t\t\t    -webkit-transform: scaleY(1.0);\r\n\t\t\t  }\r\n\t\t\t}\r\n\t\t<\/style><div class=\"robo-gallery-wrap robo-gallery-wrap-id1051 robo-gallery-grid\" ><div id=\"rbs_gallery_6a04bbdd2c5bc-block-loader\" class=\"rbs_gallery_6a04bbdd2c5bcSpinner\"><div class=\"rbs_gallery_6a04bbdd2c5bcRect1\"><\/div> <div class=\"rbs_gallery_6a04bbdd2c5bcRect2\"><\/div> <div class=\"rbs_gallery_6a04bbdd2c5bcRect3\"><\/div> <div class=\"rbs_gallery_6a04bbdd2c5bcRect4\"><\/div> <div class=\"rbs_gallery_6a04bbdd2c5bcRect5\"><\/div><\/div><div id=\"robo_gallery_main_block_rbs_gallery_6a04bbdd2c5bc\" class=\"robogallery-gallery-1051\" style=\"width:100%;margin:0 auto;  display: none;\"><div id=\"rbs_gallery_6a04bbdd2c5bc\" data-options=\"rbs_gallery_6a04bbdd2c5bc\" style=\"width:100%;\" class=\"robo_gallery  \"><div class=\"rbs-img  category1051 \" ><div class=\"rbs-img-image   rbs-lightbox \" ><div class=\"rbs-img-thumbs\"  data-thumbnail=\"https:\/\/www.gustovivoreale.it\/wp-content\/uploads\/2021\/03\/p1.jpg\"  title=\"p1\"  data-width=\"1200\"  data-height=\"798\" ><\/div><div class=\"rbs-img-data-popup\"  data-popup=\"https:\/\/www.gustovivoreale.it\/wp-content\/uploads\/2021\/03\/p1.jpg\"  title=\"p1\" ><\/div><div class=\"thumbnail-overlay\"><div class=\"rbsIcons\"><i class=\"fa fa-search-plus rbsZoomIcon \" ><\/i><\/div><\/div><\/div><\/div><div class=\"rbs-img  category1051 \" ><div class=\"rbs-img-image   rbs-lightbox \" ><div class=\"rbs-img-thumbs\"  data-thumbnail=\"https:\/\/www.gustovivoreale.it\/wp-content\/uploads\/2021\/03\/p2.jpg\"  title=\"p2\"  data-width=\"1200\"  data-height=\"798\" ><\/div><div class=\"rbs-img-data-popup\"  data-popup=\"https:\/\/www.gustovivoreale.it\/wp-content\/uploads\/2021\/03\/p2.jpg\"  title=\"p2\" ><\/div><div class=\"thumbnail-overlay\"><div class=\"rbsIcons\"><i class=\"fa fa-search-plus rbsZoomIcon \" ><\/i><\/div><\/div><\/div><\/div><div class=\"rbs-img  category1051 \" ><div class=\"rbs-img-image   rbs-lightbox \" ><div class=\"rbs-img-thumbs\"  data-thumbnail=\"https:\/\/www.gustovivoreale.it\/wp-content\/uploads\/2021\/03\/p3.jpg\"  title=\"p3\"  data-width=\"1200\"  data-height=\"798\" ><\/div><div class=\"rbs-img-data-popup\"  data-popup=\"https:\/\/www.gustovivoreale.it\/wp-content\/uploads\/2021\/03\/p3.jpg\"  title=\"p3\" ><\/div><div class=\"thumbnail-overlay\"><div class=\"rbsIcons\"><i class=\"fa fa-search-plus rbsZoomIcon \" ><\/i><\/div><\/div><\/div><\/div><div class=\"rbs-img  category1051 \" ><div class=\"rbs-img-image   rbs-lightbox \" ><div class=\"rbs-img-thumbs\"  data-thumbnail=\"https:\/\/www.gustovivoreale.it\/wp-content\/uploads\/2021\/03\/p4.jpg\"  title=\"Molluschi depurati ad ozono\"  data-width=\"1200\"  data-height=\"798\" ><\/div><div class=\"rbs-img-data-popup\"  data-popup=\"https:\/\/www.gustovivoreale.it\/wp-content\/uploads\/2021\/03\/p4.jpg\"  title=\"Molluschi depurati ad ozono\"  data-alt=\"Molluschi depurati ad ozono\" ><\/div><div class=\"thumbnail-overlay\"><div class=\"rbsIcons\"><i class=\"fa fa-search-plus rbsZoomIcon \" ><\/i><\/div><\/div><\/div><\/div><div class=\"rbs-img  category1051 \" ><div class=\"rbs-img-image   rbs-lightbox \" ><div class=\"rbs-img-thumbs\"  data-thumbnail=\"https:\/\/www.gustovivoreale.it\/wp-content\/uploads\/2021\/03\/p6.jpg\"  title=\"p6\"  data-width=\"1200\"  data-height=\"798\" ><\/div><div class=\"rbs-img-data-popup\"  data-popup=\"https:\/\/www.gustovivoreale.it\/wp-content\/uploads\/2021\/03\/p6.jpg\"  title=\"p6\" ><\/div><div class=\"thumbnail-overlay\"><div class=\"rbsIcons\"><i class=\"fa fa-search-plus rbsZoomIcon \" ><\/i><\/div><\/div><\/div><\/div><div class=\"rbs-img  category1051 \" ><div class=\"rbs-img-image   rbs-lightbox \" ><div class=\"rbs-img-thumbs\"  data-thumbnail=\"https:\/\/www.gustovivoreale.it\/wp-content\/uploads\/2021\/03\/p7.jpg\"  title=\"p7\"  data-width=\"1200\"  data-height=\"798\" ><\/div><div class=\"rbs-img-data-popup\"  data-popup=\"https:\/\/www.gustovivoreale.it\/wp-content\/uploads\/2021\/03\/p7.jpg\"  title=\"p7\" ><\/div><div class=\"thumbnail-overlay\"><div class=\"rbsIcons\"><i class=\"fa fa-search-plus rbsZoomIcon \" ><\/i><\/div><\/div><\/div><\/div><div class=\"rbs-img  category1051 \" ><div class=\"rbs-img-image   rbs-lightbox \" ><div class=\"rbs-img-thumbs\"  data-thumbnail=\"https:\/\/www.gustovivoreale.it\/wp-content\/uploads\/2021\/03\/p8.jpg\"  title=\"quattro g srl civitanova\"  data-width=\"1200\"  data-height=\"798\" ><\/div><div class=\"rbs-img-data-popup\"  data-popup=\"https:\/\/www.gustovivoreale.it\/wp-content\/uploads\/2021\/03\/p8.jpg\"  title=\"quattro g srl civitanova\"  data-alt=\"quattro g srl civitanova\" ><\/div><div class=\"thumbnail-overlay\"><div class=\"rbsIcons\"><i class=\"fa fa-search-plus rbsZoomIcon \" ><\/i><\/div><\/div><\/div><\/div><div class=\"rbs-img  category1051 \" ><div class=\"rbs-img-image   rbs-lightbox \" ><div class=\"rbs-img-thumbs\"  data-thumbnail=\"https:\/\/www.gustovivoreale.it\/wp-content\/uploads\/2021\/03\/p9.jpg\"  title=\"p9\"  data-width=\"1200\"  data-height=\"798\" ><\/div><div class=\"rbs-img-data-popup\"  data-popup=\"https:\/\/www.gustovivoreale.it\/wp-content\/uploads\/2021\/03\/p9.jpg\"  title=\"p9\" ><\/div><div class=\"thumbnail-overlay\"><div class=\"rbsIcons\"><i class=\"fa fa-search-plus rbsZoomIcon \" ><\/i><\/div><\/div><\/div><\/div><div class=\"rbs-img  category1051 \" ><div class=\"rbs-img-image   rbs-lightbox \" ><div class=\"rbs-img-thumbs\"  data-thumbnail=\"https:\/\/www.gustovivoreale.it\/wp-content\/uploads\/2021\/03\/p10.jpg\"  title=\"p10\"  data-width=\"1200\"  data-height=\"798\" ><\/div><div class=\"rbs-img-data-popup\"  data-popup=\"https:\/\/www.gustovivoreale.it\/wp-content\/uploads\/2021\/03\/p10.jpg\"  title=\"p10\" ><\/div><div class=\"thumbnail-overlay\"><div class=\"rbsIcons\"><i class=\"fa fa-search-plus rbsZoomIcon \" ><\/i><\/div><\/div><\/div><\/div><div class=\"rbs-img  category1051 \" ><div class=\"rbs-img-image   rbs-lightbox \" ><div class=\"rbs-img-thumbs\"  data-thumbnail=\"https:\/\/www.gustovivoreale.it\/wp-content\/uploads\/2021\/03\/p11.jpg\"  title=\"p11\"  data-width=\"1200\"  data-height=\"798\" ><\/div><div class=\"rbs-img-data-popup\"  data-popup=\"https:\/\/www.gustovivoreale.it\/wp-content\/uploads\/2021\/03\/p11.jpg\"  title=\"p11\" ><\/div><div class=\"thumbnail-overlay\"><div class=\"rbsIcons\"><i class=\"fa fa-search-plus rbsZoomIcon \" ><\/i><\/div><\/div><\/div><\/div><div class=\"rbs-img  category1051 \" ><div class=\"rbs-img-image   rbs-lightbox \" ><div class=\"rbs-img-thumbs\"  data-thumbnail=\"https:\/\/www.gustovivoreale.it\/wp-content\/uploads\/2021\/03\/P13.jpg\"  title=\"P13\"  data-width=\"1200\"  data-height=\"798\" ><\/div><div class=\"rbs-img-data-popup\"  data-popup=\"https:\/\/www.gustovivoreale.it\/wp-content\/uploads\/2021\/03\/P13.jpg\"  title=\"P13\" ><\/div><div class=\"thumbnail-overlay\"><div class=\"rbsIcons\"><i class=\"fa fa-search-plus rbsZoomIcon \" ><\/i><\/div><\/div><\/div><\/div><\/div><\/div><\/div><script>var rbs_gallery_6a04bbdd2c5bc = {\"version\":\"5.0.4\",\"id\":1051,\"class\":\"id1051\",\"roboGalleryDelay\":1000,\"mainContainer\":\"#robo_gallery_main_block_rbs_gallery_6a04bbdd2c5bc\",\"loadingContainer\":\"#rbs_gallery_6a04bbdd2c5bc-block-loader\",\"loadingContainerObj\":\"rbs_gallery_6a04bbdd2c5bc-block-loader\",\"columnWidth\":\"auto\",\"columns\":3,\"resolutions\":[{\"columnWidth\":\"auto\",\"columns\":3,\"maxWidth\":960},{\"columnWidth\":\"auto\",\"columns\":2,\"maxWidth\":650},{\"columnWidth\":\"auto\",\"columns\":1,\"maxWidth\":450}],\"hideTitle\":true,\"lightboxOptions\":{\"gallery\":{\"enabled\":true,\"tCounter\":\"%curr% of %total%\"}},\"overlayEffect\":\"direction-aware-fade\",\"boxesToLoadStart\":12,\"boxesToLoad\":8,\"waitUntilThumbLoads\":1,\"LoadingWord\":\"Loading...\",\"loadMoreWord\":\"Load More\",\"noMoreEntriesWord\":\"No More Entries\",\"horizontalSpaceBetweenBoxes\":15,\"verticalSpaceBetweenBoxes\":15,\"lazyLoad\":1,\"wrapContainer\":\"#robo-gallery-wrap-rbs_gallery_6a04bbdd2c5bc\"};<\/script>[\/vc_column_text][vc_empty_space height=&#8221;1.9em&#8221;][\/vc_column][\/vc_row][vc_column width=&#8221;2\/3&#8243; css=&#8221;.vc_custom_1619703840725{padding-top: 0px !important;padding-right: 0px !important;padding-bottom: 0px !important;padding-left: 0px !important;background-color: #0c8da4 !important;}&#8221;][\/vc_column]<\/p>\n<\/div>","protected":false},"excerpt":{"rendered":"<p>[vc_row full_width=&#8221;stretch_row&#8221; inverse=&#8221;&#8221; css=&#8221;.vc_custom_1614955883806{margin-bottom: 35px !important;padding-top: 70px !important;padding-bottom: 35px !important;background-color: #f5f5f5 !important;}&#8221;][vc_column][vc_empty_space height=&#8221;0.7em&#8221;][vc_empty_space height=&#8221;1.9em&#8221;][\/vc_column][\/vc_row][vc_row equal_height=&#8221;yes&#8221; content_placement=&#8221;middle&#8221; inverse=&#8221;&#8221; css=&#8221;.vc_custom_1619703884675{margin-top: 30px !important;margin-bottom: 80px !important;padding-top: 0px !important;padding-right: 0px !important;padding-bottom: 0px !important;padding-left: 0px !important;}&#8221;][vc_column width=&#8221;1\/3&#8243; css=&#8221;.vc_custom_1619703715071{padding-top: 5.5em !important;padding-right: 4.7em !important;padding-bottom: 5.1em !important;padding-left: 4.7em !important;background-color: #0c8da4 !important;}&#8221;][vc_column_text] Quattro G Srl IL PIATTO AZZURRO Via L. Da Vinci, 9 62012 Civitanova [&hellip;]<\/p>\n","protected":false},"author":1,"featured_media":1056,"parent":0,"menu_order":0,"comment_status":"closed","ping_status":"closed","template":"","meta":{"footnotes":""},"class_list":["post-216","page","type-page","status-publish","has-post-thumbnail","hentry"],"translation":{"provider":"WPGlobus","version":"3.0.0","language":"es","enabled_languages":["it","en","es"],"languages":{"it":{"title":true,"content":true,"excerpt":false},"en":{"title":true,"content":true,"excerpt":false},"es":{"title":true,"content":true,"excerpt":false}}},"yoast_head":"<!-- This site is optimized with the Yoast SEO plugin v25.2 - https:\/\/yoast.com\/wordpress\/plugins\/seo\/ -->\n<title>Il Piatto Azzurro Civitanova Marche - Quattro G Srl<\/title>\n<meta name=\"description\" content=\"Il Piatto Azzurro es nuestra tienda de productos locales de pescado, moluscos y crust\u00e1ceos con gastronom\u00eda\" \/>\n<meta name=\"robots\" content=\"index, follow, max-snippet:-1, max-image-preview:large, max-video-preview:-1\" \/>\n<link rel=\"canonical\" href=\"https:\/\/www.gustovivoreale.it\/il-piatto-azzurro-civitanova-marche\/\" \/>\n<meta property=\"og:locale\" content=\"es_ES\" \/>\n<meta property=\"og:type\" content=\"article\" \/>\n<meta property=\"og:title\" content=\"Il Piatto Azzurro Civitanova Marche - Quattro G Srl\" \/>\n<meta property=\"og:description\" content=\"Il Piatto Azzurro es nuestra tienda de productos locales de pescado, moluscos y crust\u00e1ceos con gastronom\u00eda\" \/>\n<meta property=\"og:url\" content=\"https:\/\/www.gustovivoreale.it\/il-piatto-azzurro-civitanova-marche\/\" \/>\n<meta property=\"og:site_name\" content=\"Gusto Vivo Reale\" \/>\n<meta property=\"article:modified_time\" content=\"2021-04-29T13:53:11+00:00\" \/>\n<meta property=\"og:image\" content=\"https:\/\/www.gustovivoreale.it\/wp-content\/uploads\/2021\/03\/p5.jpg\" \/>\n\t<meta property=\"og:image:width\" content=\"1200\" \/>\n\t<meta property=\"og:image:height\" content=\"798\" \/>\n\t<meta property=\"og:image:type\" content=\"image\/jpeg\" \/>\n<meta name=\"twitter:card\" content=\"summary_large_image\" \/>\n<meta name=\"twitter:label1\" content=\"Est. reading time\" \/>\n\t<meta name=\"twitter:data1\" content=\"1 minute\" \/>\n<script type=\"application\/ld+json\" class=\"yoast-schema-graph\">{\"@context\":\"https:\/\/schema.org\",\"@graph\":[{\"@type\":\"WebPage\",\"@id\":\"https:\/\/www.gustovivoreale.it\/il-piatto-azzurro-civitanova-marche\/\",\"url\":\"https:\/\/www.gustovivoreale.it\/il-piatto-azzurro-civitanova-marche\/\",\"name\":\"Il Piatto Azzurro Civitanova Marche - Quattro G Srl\",\"isPartOf\":{\"@id\":\"https:\/\/www.gustovivoreale.it\/#website\"},\"primaryImageOfPage\":{\"@id\":\"https:\/\/www.gustovivoreale.it\/il-piatto-azzurro-civitanova-marche\/#primaryimage\"},\"image\":{\"@id\":\"https:\/\/www.gustovivoreale.it\/il-piatto-azzurro-civitanova-marche\/#primaryimage\"},\"thumbnailUrl\":\"https:\/\/www.gustovivoreale.it\/wp-content\/uploads\/2021\/03\/p5.jpg\",\"datePublished\":\"2016-08-23T06:48:22+00:00\",\"dateModified\":\"2021-04-29T13:53:11+00:00\",\"description\":\"Il Piatto Azzurro es nuestra tienda de productos locales de pescado, moluscos y crust\u00e1ceos con gastronom\u00eda\",\"breadcrumb\":{\"@id\":\"https:\/\/www.gustovivoreale.it\/il-piatto-azzurro-civitanova-marche\/#breadcrumb\"},\"inLanguage\":\"es-ES\",\"potentialAction\":[{\"@type\":\"ReadAction\",\"target\":[\"https:\/\/www.gustovivoreale.it\/il-piatto-azzurro-civitanova-marche\/\"]}]},{\"@type\":\"ImageObject\",\"inLanguage\":\"es-ES\",\"@id\":\"https:\/\/www.gustovivoreale.it\/il-piatto-azzurro-civitanova-marche\/#primaryimage\",\"url\":\"https:\/\/www.gustovivoreale.it\/wp-content\/uploads\/2021\/03\/p5.jpg\",\"contentUrl\":\"https:\/\/www.gustovivoreale.it\/wp-content\/uploads\/2021\/03\/p5.jpg\",\"width\":1200,\"height\":798,\"caption\":\"Il Piatto Azzurro Civitanova Marche\"},{\"@type\":\"BreadcrumbList\",\"@id\":\"https:\/\/www.gustovivoreale.it\/il-piatto-azzurro-civitanova-marche\/#breadcrumb\",\"itemListElement\":[{\"@type\":\"ListItem\",\"position\":1,\"name\":\"Home\",\"item\":\"https:\/\/www.gustovivoreale.it\/\"},{\"@type\":\"ListItem\",\"position\":2,\"name\":\"Il piatto azzurro\"}]},{\"@type\":\"WebSite\",\"@id\":\"https:\/\/www.gustovivoreale.it\/#website\",\"url\":\"https:\/\/www.gustovivoreale.it\/\",\"name\":\"Gusto Vivo Reale\",\"description\":\"Molluschi vivi, depurati e senza sabbia\",\"publisher\":{\"@id\":\"https:\/\/www.gustovivoreale.it\/#organization\"},\"potentialAction\":[{\"@type\":\"SearchAction\",\"target\":{\"@type\":\"EntryPoint\",\"urlTemplate\":\"https:\/\/www.gustovivoreale.it\/?s={search_term_string}\"},\"query-input\":{\"@type\":\"PropertyValueSpecification\",\"valueRequired\":true,\"valueName\":\"search_term_string\"}}],\"inLanguage\":\"es-ES\"},{\"@type\":\"Organization\",\"@id\":\"https:\/\/www.gustovivoreale.it\/#organization\",\"name\":\"Gusto Vivo Reale\",\"url\":\"https:\/\/www.gustovivoreale.it\/\",\"logo\":{\"@type\":\"ImageObject\",\"inLanguage\":\"es-ES\",\"@id\":\"https:\/\/www.gustovivoreale.it\/#\/schema\/logo\/image\/\",\"url\":\"https:\/\/www.gustovivoreale.it\/wp-content\/uploads\/2021\/03\/LOGO@2xgusto.png\",\"contentUrl\":\"https:\/\/www.gustovivoreale.it\/wp-content\/uploads\/2021\/03\/LOGO@2xgusto.png\",\"width\":688,\"height\":470,\"caption\":\"Gusto Vivo Reale\"},\"image\":{\"@id\":\"https:\/\/www.gustovivoreale.it\/#\/schema\/logo\/image\/\"}}]}<\/script>\n<!-- \/ Yoast SEO plugin. -->","yoast_head_json":{"title":"Il Piatto Azzurro Civitanova Marche - Quattro G Srl","description":"Il Piatto Azzurro es nuestra tienda de productos locales de pescado, moluscos y crust\u00e1ceos con gastronom\u00eda","robots":{"index":"index","follow":"follow","max-snippet":"max-snippet:-1","max-image-preview":"max-image-preview:large","max-video-preview":"max-video-preview:-1"},"canonical":"https:\/\/www.gustovivoreale.it\/il-piatto-azzurro-civitanova-marche\/","og_locale":"es_ES","og_type":"article","og_title":"Il Piatto Azzurro Civitanova Marche - Quattro G Srl","og_description":"Il Piatto Azzurro es nuestra tienda de productos locales de pescado, moluscos y crust\u00e1ceos con gastronom\u00eda","og_url":"https:\/\/www.gustovivoreale.it\/il-piatto-azzurro-civitanova-marche\/","og_site_name":"Gusto Vivo Reale","article_modified_time":"2021-04-29T13:53:11+00:00","og_image":[{"width":1200,"height":798,"url":"https:\/\/www.gustovivoreale.it\/wp-content\/uploads\/2021\/03\/p5.jpg","type":"image\/jpeg"}],"twitter_card":"summary_large_image","twitter_misc":{"Est. reading time":"1 minute"},"schema":{"@context":"https:\/\/schema.org","@graph":[{"@type":"WebPage","@id":"https:\/\/www.gustovivoreale.it\/il-piatto-azzurro-civitanova-marche\/","url":"https:\/\/www.gustovivoreale.it\/il-piatto-azzurro-civitanova-marche\/","name":"Il Piatto Azzurro Civitanova Marche - Quattro G Srl","isPartOf":{"@id":"https:\/\/www.gustovivoreale.it\/#website"},"primaryImageOfPage":{"@id":"https:\/\/www.gustovivoreale.it\/il-piatto-azzurro-civitanova-marche\/#primaryimage"},"image":{"@id":"https:\/\/www.gustovivoreale.it\/il-piatto-azzurro-civitanova-marche\/#primaryimage"},"thumbnailUrl":"https:\/\/www.gustovivoreale.it\/wp-content\/uploads\/2021\/03\/p5.jpg","datePublished":"2016-08-23T06:48:22+00:00","dateModified":"2021-04-29T13:53:11+00:00","description":"Il Piatto Azzurro es nuestra tienda de productos locales de pescado, moluscos y crust\u00e1ceos con gastronom\u00eda","breadcrumb":{"@id":"https:\/\/www.gustovivoreale.it\/il-piatto-azzurro-civitanova-marche\/#breadcrumb"},"inLanguage":"es-ES","potentialAction":[{"@type":"ReadAction","target":["https:\/\/www.gustovivoreale.it\/il-piatto-azzurro-civitanova-marche\/"]}]},{"@type":"ImageObject","inLanguage":"es-ES","@id":"https:\/\/www.gustovivoreale.it\/il-piatto-azzurro-civitanova-marche\/#primaryimage","url":"https:\/\/www.gustovivoreale.it\/wp-content\/uploads\/2021\/03\/p5.jpg","contentUrl":"https:\/\/www.gustovivoreale.it\/wp-content\/uploads\/2021\/03\/p5.jpg","width":1200,"height":798,"caption":"Il Piatto Azzurro Civitanova Marche"},{"@type":"BreadcrumbList","@id":"https:\/\/www.gustovivoreale.it\/il-piatto-azzurro-civitanova-marche\/#breadcrumb","itemListElement":[{"@type":"ListItem","position":1,"name":"Home","item":"https:\/\/www.gustovivoreale.it\/"},{"@type":"ListItem","position":2,"name":"Il piatto azzurro"}]},{"@type":"WebSite","@id":"https:\/\/www.gustovivoreale.it\/#website","url":"https:\/\/www.gustovivoreale.it\/","name":"Gusto Vivo Reale","description":"Molluschi vivi, depurati e senza sabbia","publisher":{"@id":"https:\/\/www.gustovivoreale.it\/#organization"},"potentialAction":[{"@type":"SearchAction","target":{"@type":"EntryPoint","urlTemplate":"https:\/\/www.gustovivoreale.it\/?s={search_term_string}"},"query-input":{"@type":"PropertyValueSpecification","valueRequired":true,"valueName":"search_term_string"}}],"inLanguage":"es-ES"},{"@type":"Organization","@id":"https:\/\/www.gustovivoreale.it\/#organization","name":"Gusto Vivo Reale","url":"https:\/\/www.gustovivoreale.it\/","logo":{"@type":"ImageObject","inLanguage":"es-ES","@id":"https:\/\/www.gustovivoreale.it\/#\/schema\/logo\/image\/","url":"https:\/\/www.gustovivoreale.it\/wp-content\/uploads\/2021\/03\/LOGO@2xgusto.png","contentUrl":"https:\/\/www.gustovivoreale.it\/wp-content\/uploads\/2021\/03\/LOGO@2xgusto.png","width":688,"height":470,"caption":"Gusto Vivo Reale"},"image":{"@id":"https:\/\/www.gustovivoreale.it\/#\/schema\/logo\/image\/"}}]}},"_links":{"self":[{"href":"https:\/\/www.gustovivoreale.it\/es\/wp-json\/wp\/v2\/pages\/216","targetHints":{"allow":["GET"]}}],"collection":[{"href":"https:\/\/www.gustovivoreale.it\/es\/wp-json\/wp\/v2\/pages"}],"about":[{"href":"https:\/\/www.gustovivoreale.it\/es\/wp-json\/wp\/v2\/types\/page"}],"author":[{"embeddable":true,"href":"https:\/\/www.gustovivoreale.it\/es\/wp-json\/wp\/v2\/users\/1"}],"replies":[{"embeddable":true,"href":"https:\/\/www.gustovivoreale.it\/es\/wp-json\/wp\/v2\/comments?post=216"}],"version-history":[{"count":34,"href":"https:\/\/www.gustovivoreale.it\/es\/wp-json\/wp\/v2\/pages\/216\/revisions"}],"predecessor-version":[{"id":1402,"href":"https:\/\/www.gustovivoreale.it\/es\/wp-json\/wp\/v2\/pages\/216\/revisions\/1402"}],"wp:featuredmedia":[{"embeddable":true,"href":"https:\/\/www.gustovivoreale.it\/es\/wp-json\/wp\/v2\/media\/1056"}],"wp:attachment":[{"href":"https:\/\/www.gustovivoreale.it\/es\/wp-json\/wp\/v2\/media?parent=216"}],"curies":[{"name":"wp","href":"https:\/\/api.w.org\/{rel}","templated":true}]}}